{"id":4448,"date":"2023-10-13T12:32:54","date_gmt":"2023-10-13T10:32:54","guid":{"rendered":"https:\/\/grazi.digital-comm.it\/services\/painting\/"},"modified":"2023-11-13T11:11:36","modified_gmt":"2023-11-13T10:11:36","slug":"painting","status":"publish","type":"page","link":"https:\/\/grazicristalli.com\/en\/services\/painting\/","title":{"rendered":"PAINTING"},"content":{"rendered":"\t\t<div data-elementor-type=\"wp-page\" data-elementor-id=\"4448\" class=\"elementor elementor-4448 elementor-2931\" data-elementor-post-type=\"page\">\n\t\t\t\t\t\t<section class=\"elementor-section elementor-top-section elementor-element elementor-element-09c2d0e elementor-section-boxed elementor-section-height-default elementor-section-height-default\" data-id=\"09c2d0e\" data-element_type=\"section\" data-e-type=\"section\" data-settings=\"{&quot;wdt_bg_image&quot;:{&quot;url&quot;:&quot;&quot;,&quot;id&quot;:&quot;&quot;,&quot;size&quot;:&quot;&quot;},&quot;wdt_bg_image_widescreen&quot;:{&quot;url&quot;:&quot;&quot;,&quot;id&quot;:&quot;&quot;,&quot;size&quot;:&quot;&quot;},&quot;wdt_bg_image_laptop&quot;:{&quot;url&quot;:&quot;&quot;,&quot;id&quot;:&quot;&quot;,&quot;size&quot;:&quot;&quot;},&quot;wdt_bg_image_tablet_extra&quot;:{&quot;url&quot;:&quot;&quot;,&quot;id&quot;:&quot;&quot;,&quot;size&quot;:&quot;&quot;},&quot;wdt_bg_image_tablet&quot;:{&quot;url&quot;:&quot;&quot;,&quot;id&quot;:&quot;&quot;,&quot;size&quot;:&quot;&quot;},&quot;wdt_bg_image_mobile_extra&quot;:{&quot;url&quot;:&quot;&quot;,&quot;id&quot;:&quot;&quot;,&quot;size&quot;:&quot;&quot;},&quot;wdt_bg_image_mobile&quot;:{&quot;url&quot;:&quot;&quot;,&quot;id&quot;:&quot;&quot;,&quot;size&quot;:&quot;&quot;},&quot;wdt_bg_position&quot;:&quot;center center&quot;,&quot;wdt_animation_effect&quot;:&quot;none&quot;}\">\n\t\t\t\t\t\t<div class=\"elementor-container elementor-column-gap-no\">\n\t\t\t\t\t<div class=\"elementor-column elementor-col-100 elementor-top-column elementor-element elementor-element-e550f72\" data-id=\"e550f72\" data-element_type=\"column\" data-e-type=\"column\">\n\t\t\t<div class=\"elementor-widget-wrap elementor-element-populated\">\n\t\t\t\t\t\t<div class=\"elementor-element elementor-element-0a600fc elementor-widget elementor-widget-image\" data-id=\"0a600fc\" data-element_type=\"widget\" data-e-type=\"widget\" data-settings=\"{&quot;wdt_animation_effect&quot;:&quot;none&quot;}\" data-widget_type=\"image.default\">\n\t\t\t\t<div class=\"elementor-widget-container\">\n\t\t\t\t\t\t\t\t\t\t\t\t\t\t\t<img fetchpriority=\"high\" decoding=\"async\" width=\"870\" height=\"480\" src=\"https:\/\/grazicristalli.com\/wp-content\/uploads\/2023\/10\/verniciatura-vetro-bianco_1_11zon.webp\" class=\"attachment-full size-full wp-image-4070\" alt=\"\" srcset=\"https:\/\/grazicristalli.com\/wp-content\/uploads\/2023\/10\/verniciatura-vetro-bianco_1_11zon.webp 870w, https:\/\/grazicristalli.com\/wp-content\/uploads\/2023\/10\/verniciatura-vetro-bianco_1_11zon-300x166.webp 300w, https:\/\/grazicristalli.com\/wp-content\/uploads\/2023\/10\/verniciatura-vetro-bianco_1_11zon-768x424.webp 768w\" sizes=\"(max-width: 870px) 100vw, 870px\" \/>\t\t\t\t\t\t\t\t\t\t\t\t\t\t\t<\/div>\n\t\t\t\t<\/div>\n\t\t\t\t<div class=\"elementor-element elementor-element-e18c8e1 start elementor-widget elementor-widget-wdt-heading\" data-id=\"e18c8e1\" data-element_type=\"widget\" data-e-type=\"widget\" data-settings=\"{&quot;wdt_animation_effect&quot;:&quot;none&quot;}\" data-widget_type=\"wdt-heading.default\">\n\t\t\t\t<div class=\"elementor-widget-container\">\n\t\t\t\t\t<div class=\"wdt-heading-holder \" id=\"wdt-heading-e18c8e1\"><h1 class=\"wdt-heading-title-wrapper wdt-heading-align-center wdt-heading-deco-wrapper\"><span class=\"wdt-heading-title\">VERNICIATURA<\/span><\/h1><div class=\"wdt-heading-content-wrapper\">Presso Grazi Cristalli Industrie, mettiamo al centro delle nostre operazioni la personalizzazione e la soddisfazione del cliente. Offriamo una vasta gamma di opzioni di colori, tra cui i classici colori RAL e Pantone, cos\u00ec come la possibilit\u00e0 di realizzare tonalit\u00e0 uniche basate su campioni forniti direttamente dal cliente. Questo approccio su misura ci consente di creare prodotti che rispecchiano perfettamente le esigenze estetiche e di design dei nostri clienti.\n<br><br>\nLa qualit\u00e0 delle nostre finiture \u00e8 il risultato di una meticolosa attenzione ai dettagli e di una tecnologia all'avanguardia. Utilizziamo vernici atossiche che garantiscono la sicurezza sia per l'ambiente che per gli utenti finali. La nostra avanzata tecnologia di essiccazione, operante a una temperatura di 90\u00b0, assicura una finitura durevole e resistente nel tempo. Inoltre, la nostra equipe \u00e8 composta da professionisti altamente qualificati che lavorano con passione e dedizione per garantire l'uniformit\u00e0 del colore e la precisione nella lavorazione.\n<br><br>\nRiconosciamo l'importanza della durabilit\u00e0 dei nostri prodotti, specialmente in ambienti soggetti a condizioni atmosferiche avverse. Pertanto, offriamo trattamenti protettivi speciali per le applicazioni che saranno esposte ad elevati livelli di umidit\u00e0. Questi trattamenti non solo preservano l'aspetto estetico, ma anche la robustezza del materiale nel tempo, assicurando una durata eccezionale anche in condizioni ambientali difficili.\n\nInoltre, comprendiamo che ogni progetto ha esigenze uniche. Per questo motivo, diamo ai nostri clienti la possibilit\u00e0 di sperimentare con la finitura del vetro. Oltre alla verniciatura completa, offriamo l'opzione di verniciare il vetro parzialmente. Questo non solo consente di creare effetti visivi intriganti, ma offre anche l'opportunit\u00e0 di aggiungere decori personalizzati che impreziosiscono ulteriormente il prodotto finito. La nostra capacit\u00e0 di combinare abilmente tecnologia avanzata e creativit\u00e0 ci consente di realizzare soluzioni su misura che superano le aspettative dei nostri clienti.\n<br><br>\nScegliendo Grazi Cristalli Industrie, non solo investi in prodotti di alta qualit\u00e0 e design innovativo, ma anche in un'esperienza personalizzata che si adatta perfettamente alle tue esigenze e visioni creative. La tua soddisfazione \u00e8 la nostra priorit\u00e0, e ci impegniamo a offrirti risultati che trasformeranno il tuo progetto in una realt\u00e0 affascinante e duratura.<\/div><\/div>\t\t\t\t<\/div>\n\t\t\t\t<\/div>\n\t\t\t\t<div class=\"elementor-element elementor-element-68f41af elementor-widget elementor-widget-image\" data-id=\"68f41af\" data-element_type=\"widget\" data-e-type=\"widget\" data-settings=\"{&quot;wdt_animation_effect&quot;:&quot;none&quot;}\" data-widget_type=\"image.default\">\n\t\t\t\t<div class=\"elementor-widget-container\">\n\t\t\t\t\t\t\t\t\t\t\t\t\t\t\t<img decoding=\"async\" width=\"870\" height=\"480\" src=\"https:\/\/grazicristalli.com\/wp-content\/uploads\/2023\/10\/verniciatura-vetro-scuro_11zon.webp\" class=\"attachment-full size-full wp-image-4376\" alt=\"\" srcset=\"https:\/\/grazicristalli.com\/wp-content\/uploads\/2023\/10\/verniciatura-vetro-scuro_11zon.webp 870w, https:\/\/grazicristalli.com\/wp-content\/uploads\/2023\/10\/verniciatura-vetro-scuro_11zon-300x166.webp 300w, https:\/\/grazicristalli.com\/wp-content\/uploads\/2023\/10\/verniciatura-vetro-scuro_11zon-768x424.webp 768w\" sizes=\"(max-width: 870px) 100vw, 870px\" \/>\t\t\t\t\t\t\t\t\t\t\t\t\t\t\t<\/div>\n\t\t\t\t<\/div>\n\t\t\t\t\t<\/div>\n\t\t<\/div>\n\t\t\t\t\t<\/div>\n\t\t<\/section>\n\t\t\t\t<\/div>\n\t\t","protected":false},"excerpt":{"rendered":"<p>VERNICIATURA Presso Grazi Cristalli Industrie, mettiamo al centro delle nostre operazioni la personalizzazione e la soddisfazione del cliente. Offriamo una vasta gamma di opzioni di colori, tra cui i classici colori RAL e Pantone, cos\u00ec come la possibilit\u00e0 di realizzare tonalit\u00e0 uniche basate su campioni forniti direttamente dal cliente. Questo approccio su misura ci consente [&hellip;]<\/p>\n","protected":false},"author":1,"featured_media":0,"parent":4408,"menu_order":0,"comment_status":"closed","ping_status":"closed","template":"tpl-side-nav.php","meta":{"footnotes":""},"class_list":["post-4448","page","type-page","status-publish","hentry"],"yoast_head":"<!-- This site is optimized with the Yoast SEO plugin v27.5 - https:\/\/yoast.com\/product\/yoast-seo-wordpress\/ -->\n<title>PAINTING - Grazi Cristalli<\/title>\n<meta name=\"robots\" content=\"index, follow, max-snippet:-1, max-image-preview:large, max-video-preview:-1\" \/>\n<link rel=\"canonical\" href=\"https:\/\/grazicristalli.com\/en\/services\/painting\/\" \/>\n<meta property=\"og:locale\" content=\"en_US\" \/>\n<meta property=\"og:type\" content=\"article\" \/>\n<meta property=\"og:title\" content=\"PAINTING - Grazi Cristalli\" \/>\n<meta property=\"og:description\" content=\"VERNICIATURA Presso Grazi Cristalli Industrie, mettiamo al centro delle nostre operazioni la personalizzazione e la soddisfazione del cliente. Offriamo una vasta gamma di opzioni di colori, tra cui i classici colori RAL e Pantone, cos\u00ec come la possibilit\u00e0 di realizzare tonalit\u00e0 uniche basate su campioni forniti direttamente dal cliente. Questo approccio su misura ci consente [&hellip;]\" \/>\n<meta property=\"og:url\" content=\"https:\/\/grazicristalli.com\/en\/services\/painting\/\" \/>\n<meta property=\"og:site_name\" content=\"Grazi Cristalli\" \/>\n<meta property=\"article:modified_time\" content=\"2023-11-13T10:11:36+00:00\" \/>\n<meta property=\"og:image\" content=\"https:\/\/grazi.digital-comm.it\/wp-content\/uploads\/2023\/10\/verniciatura-vetro-bianco_1_11zon.webp\" \/>\n<meta name=\"twitter:card\" content=\"summary_large_image\" \/>\n<meta name=\"twitter:label1\" content=\"Est. reading time\" \/>\n\t<meta name=\"twitter:data1\" content=\"2 minutes\" \/>\n<script type=\"application\/ld+json\" class=\"yoast-schema-graph\">{\"@context\":\"https:\\\/\\\/schema.org\",\"@graph\":[{\"@type\":\"WebPage\",\"@id\":\"https:\\\/\\\/grazicristalli.com\\\/en\\\/services\\\/painting\\\/\",\"url\":\"https:\\\/\\\/grazicristalli.com\\\/en\\\/services\\\/painting\\\/\",\"name\":\"PAINTING - Grazi Cristalli\",\"isPartOf\":{\"@id\":\"https:\\\/\\\/grazicristalli.com\\\/#website\"},\"primaryImageOfPage\":{\"@id\":\"https:\\\/\\\/grazicristalli.com\\\/en\\\/services\\\/painting\\\/#primaryimage\"},\"image\":{\"@id\":\"https:\\\/\\\/grazicristalli.com\\\/en\\\/services\\\/painting\\\/#primaryimage\"},\"thumbnailUrl\":\"https:\\\/\\\/grazi.digital-comm.it\\\/wp-content\\\/uploads\\\/2023\\\/10\\\/verniciatura-vetro-bianco_1_11zon.webp\",\"datePublished\":\"2023-10-13T10:32:54+00:00\",\"dateModified\":\"2023-11-13T10:11:36+00:00\",\"breadcrumb\":{\"@id\":\"https:\\\/\\\/grazicristalli.com\\\/en\\\/services\\\/painting\\\/#breadcrumb\"},\"inLanguage\":\"en-US\",\"potentialAction\":[{\"@type\":\"ReadAction\",\"target\":[\"https:\\\/\\\/grazicristalli.com\\\/en\\\/services\\\/painting\\\/\"]}]},{\"@type\":\"ImageObject\",\"inLanguage\":\"en-US\",\"@id\":\"https:\\\/\\\/grazicristalli.com\\\/en\\\/services\\\/painting\\\/#primaryimage\",\"url\":\"https:\\\/\\\/grazi.digital-comm.it\\\/wp-content\\\/uploads\\\/2023\\\/10\\\/verniciatura-vetro-bianco_1_11zon.webp\",\"contentUrl\":\"https:\\\/\\\/grazi.digital-comm.it\\\/wp-content\\\/uploads\\\/2023\\\/10\\\/verniciatura-vetro-bianco_1_11zon.webp\"},{\"@type\":\"BreadcrumbList\",\"@id\":\"https:\\\/\\\/grazicristalli.com\\\/en\\\/services\\\/painting\\\/#breadcrumb\",\"itemListElement\":[{\"@type\":\"ListItem\",\"position\":1,\"name\":\"Home\",\"item\":\"https:\\\/\\\/grazicristalli.com\\\/en\\\/\"},{\"@type\":\"ListItem\",\"position\":2,\"name\":\"Services\",\"item\":\"https:\\\/\\\/grazicristalli.com\\\/en\\\/services\\\/\"},{\"@type\":\"ListItem\",\"position\":3,\"name\":\"PAINTING\"}]},{\"@type\":\"WebSite\",\"@id\":\"https:\\\/\\\/grazicristalli.com\\\/#website\",\"url\":\"https:\\\/\\\/grazicristalli.com\\\/\",\"name\":\"Grazi Cristalli\",\"description\":\"\",\"publisher\":{\"@id\":\"https:\\\/\\\/grazicristalli.com\\\/#organization\"},\"potentialAction\":[{\"@type\":\"SearchAction\",\"target\":{\"@type\":\"EntryPoint\",\"urlTemplate\":\"https:\\\/\\\/grazicristalli.com\\\/?s={search_term_string}\"},\"query-input\":{\"@type\":\"PropertyValueSpecification\",\"valueRequired\":true,\"valueName\":\"search_term_string\"}}],\"inLanguage\":\"en-US\"},{\"@type\":\"Organization\",\"@id\":\"https:\\\/\\\/grazicristalli.com\\\/#organization\",\"name\":\"Grazi Cristalli\",\"url\":\"https:\\\/\\\/grazicristalli.com\\\/\",\"logo\":{\"@type\":\"ImageObject\",\"inLanguage\":\"en-US\",\"@id\":\"https:\\\/\\\/grazicristalli.com\\\/#\\\/schema\\\/logo\\\/image\\\/\",\"url\":\"https:\\\/\\\/grazicristalli.com\\\/wp-content\\\/uploads\\\/2023\\\/10\\\/cropped-favicon-01.webp\",\"contentUrl\":\"https:\\\/\\\/grazicristalli.com\\\/wp-content\\\/uploads\\\/2023\\\/10\\\/cropped-favicon-01.webp\",\"width\":512,\"height\":512,\"caption\":\"Grazi Cristalli\"},\"image\":{\"@id\":\"https:\\\/\\\/grazicristalli.com\\\/#\\\/schema\\\/logo\\\/image\\\/\"}}]}<\/script>\n<!-- \/ Yoast SEO plugin. -->","yoast_head_json":{"title":"PAINTING - Grazi Cristalli","robots":{"index":"index","follow":"follow","max-snippet":"max-snippet:-1","max-image-preview":"max-image-preview:large","max-video-preview":"max-video-preview:-1"},"canonical":"https:\/\/grazicristalli.com\/en\/services\/painting\/","og_locale":"en_US","og_type":"article","og_title":"PAINTING - Grazi Cristalli","og_description":"VERNICIATURA Presso Grazi Cristalli Industrie, mettiamo al centro delle nostre operazioni la personalizzazione e la soddisfazione del cliente. Offriamo una vasta gamma di opzioni di colori, tra cui i classici colori RAL e Pantone, cos\u00ec come la possibilit\u00e0 di realizzare tonalit\u00e0 uniche basate su campioni forniti direttamente dal cliente. Questo approccio su misura ci consente [&hellip;]","og_url":"https:\/\/grazicristalli.com\/en\/services\/painting\/","og_site_name":"Grazi Cristalli","article_modified_time":"2023-11-13T10:11:36+00:00","og_image":[{"url":"https:\/\/grazi.digital-comm.it\/wp-content\/uploads\/2023\/10\/verniciatura-vetro-bianco_1_11zon.webp","type":"","width":"","height":""}],"twitter_card":"summary_large_image","twitter_misc":{"Est. reading time":"2 minutes"},"schema":{"@context":"https:\/\/schema.org","@graph":[{"@type":"WebPage","@id":"https:\/\/grazicristalli.com\/en\/services\/painting\/","url":"https:\/\/grazicristalli.com\/en\/services\/painting\/","name":"PAINTING - Grazi Cristalli","isPartOf":{"@id":"https:\/\/grazicristalli.com\/#website"},"primaryImageOfPage":{"@id":"https:\/\/grazicristalli.com\/en\/services\/painting\/#primaryimage"},"image":{"@id":"https:\/\/grazicristalli.com\/en\/services\/painting\/#primaryimage"},"thumbnailUrl":"https:\/\/grazi.digital-comm.it\/wp-content\/uploads\/2023\/10\/verniciatura-vetro-bianco_1_11zon.webp","datePublished":"2023-10-13T10:32:54+00:00","dateModified":"2023-11-13T10:11:36+00:00","breadcrumb":{"@id":"https:\/\/grazicristalli.com\/en\/services\/painting\/#breadcrumb"},"inLanguage":"en-US","potentialAction":[{"@type":"ReadAction","target":["https:\/\/grazicristalli.com\/en\/services\/painting\/"]}]},{"@type":"ImageObject","inLanguage":"en-US","@id":"https:\/\/grazicristalli.com\/en\/services\/painting\/#primaryimage","url":"https:\/\/grazi.digital-comm.it\/wp-content\/uploads\/2023\/10\/verniciatura-vetro-bianco_1_11zon.webp","contentUrl":"https:\/\/grazi.digital-comm.it\/wp-content\/uploads\/2023\/10\/verniciatura-vetro-bianco_1_11zon.webp"},{"@type":"BreadcrumbList","@id":"https:\/\/grazicristalli.com\/en\/services\/painting\/#breadcrumb","itemListElement":[{"@type":"ListItem","position":1,"name":"Home","item":"https:\/\/grazicristalli.com\/en\/"},{"@type":"ListItem","position":2,"name":"Services","item":"https:\/\/grazicristalli.com\/en\/services\/"},{"@type":"ListItem","position":3,"name":"PAINTING"}]},{"@type":"WebSite","@id":"https:\/\/grazicristalli.com\/#website","url":"https:\/\/grazicristalli.com\/","name":"Grazi Cristalli","description":"","publisher":{"@id":"https:\/\/grazicristalli.com\/#organization"},"potentialAction":[{"@type":"SearchAction","target":{"@type":"EntryPoint","urlTemplate":"https:\/\/grazicristalli.com\/?s={search_term_string}"},"query-input":{"@type":"PropertyValueSpecification","valueRequired":true,"valueName":"search_term_string"}}],"inLanguage":"en-US"},{"@type":"Organization","@id":"https:\/\/grazicristalli.com\/#organization","name":"Grazi Cristalli","url":"https:\/\/grazicristalli.com\/","logo":{"@type":"ImageObject","inLanguage":"en-US","@id":"https:\/\/grazicristalli.com\/#\/schema\/logo\/image\/","url":"https:\/\/grazicristalli.com\/wp-content\/uploads\/2023\/10\/cropped-favicon-01.webp","contentUrl":"https:\/\/grazicristalli.com\/wp-content\/uploads\/2023\/10\/cropped-favicon-01.webp","width":512,"height":512,"caption":"Grazi Cristalli"},"image":{"@id":"https:\/\/grazicristalli.com\/#\/schema\/logo\/image\/"}}]}},"_links":{"self":[{"href":"https:\/\/grazicristalli.com\/en\/wp-json\/wp\/v2\/pages\/4448","targetHints":{"allow":["GET"]}}],"collection":[{"href":"https:\/\/grazicristalli.com\/en\/wp-json\/wp\/v2\/pages"}],"about":[{"href":"https:\/\/grazicristalli.com\/en\/wp-json\/wp\/v2\/types\/page"}],"author":[{"embeddable":true,"href":"https:\/\/grazicristalli.com\/en\/wp-json\/wp\/v2\/users\/1"}],"replies":[{"embeddable":true,"href":"https:\/\/grazicristalli.com\/en\/wp-json\/wp\/v2\/comments?post=4448"}],"version-history":[{"count":5,"href":"https:\/\/grazicristalli.com\/en\/wp-json\/wp\/v2\/pages\/4448\/revisions"}],"predecessor-version":[{"id":4462,"href":"https:\/\/grazicristalli.com\/en\/wp-json\/wp\/v2\/pages\/4448\/revisions\/4462"}],"up":[{"embeddable":true,"href":"https:\/\/grazicristalli.com\/en\/wp-json\/wp\/v2\/pages\/4408"}],"wp:attachment":[{"href":"https:\/\/grazicristalli.com\/en\/wp-json\/wp\/v2\/media?parent=4448"}],"curies":[{"name":"wp","href":"https:\/\/api.w.org\/{rel}","templated":true}]}}