{"id":4446,"date":"2023-10-13T12:29:40","date_gmt":"2023-10-13T10:29:40","guid":{"rendered":"https:\/\/grazi.digital-comm.it\/services\/cut\/"},"modified":"2023-11-13T11:11:38","modified_gmt":"2023-11-13T10:11:38","slug":"cut","status":"publish","type":"page","link":"https:\/\/grazicristalli.com\/en\/services\/cut\/","title":{"rendered":"CUT"},"content":{"rendered":"\t\t<div data-elementor-type=\"wp-page\" data-elementor-id=\"4446\" class=\"elementor elementor-4446 elementor-2942\" data-elementor-post-type=\"page\">\n\t\t\t\t\t\t<section class=\"elementor-section elementor-top-section elementor-element elementor-element-f95fda4 elementor-section-boxed elementor-section-height-default elementor-section-height-default\" data-id=\"f95fda4\" data-element_type=\"section\" data-e-type=\"section\" data-settings=\"{&quot;wdt_bg_image&quot;:{&quot;url&quot;:&quot;&quot;,&quot;id&quot;:&quot;&quot;,&quot;size&quot;:&quot;&quot;},&quot;wdt_bg_image_widescreen&quot;:{&quot;url&quot;:&quot;&quot;,&quot;id&quot;:&quot;&quot;,&quot;size&quot;:&quot;&quot;},&quot;wdt_bg_image_laptop&quot;:{&quot;url&quot;:&quot;&quot;,&quot;id&quot;:&quot;&quot;,&quot;size&quot;:&quot;&quot;},&quot;wdt_bg_image_tablet_extra&quot;:{&quot;url&quot;:&quot;&quot;,&quot;id&quot;:&quot;&quot;,&quot;size&quot;:&quot;&quot;},&quot;wdt_bg_image_tablet&quot;:{&quot;url&quot;:&quot;&quot;,&quot;id&quot;:&quot;&quot;,&quot;size&quot;:&quot;&quot;},&quot;wdt_bg_image_mobile_extra&quot;:{&quot;url&quot;:&quot;&quot;,&quot;id&quot;:&quot;&quot;,&quot;size&quot;:&quot;&quot;},&quot;wdt_bg_image_mobile&quot;:{&quot;url&quot;:&quot;&quot;,&quot;id&quot;:&quot;&quot;,&quot;size&quot;:&quot;&quot;},&quot;wdt_bg_position&quot;:&quot;center center&quot;,&quot;wdt_animation_effect&quot;:&quot;none&quot;}\">\n\t\t\t\t\t\t<div class=\"elementor-container elementor-column-gap-no\">\n\t\t\t\t\t<div class=\"elementor-column elementor-col-100 elementor-top-column elementor-element elementor-element-dd83142\" data-id=\"dd83142\" data-element_type=\"column\" data-e-type=\"column\">\n\t\t\t<div class=\"elementor-widget-wrap elementor-element-populated\">\n\t\t\t\t\t\t<div class=\"elementor-element elementor-element-811c73c elementor-widget elementor-widget-image\" data-id=\"811c73c\" data-element_type=\"widget\" data-e-type=\"widget\" data-settings=\"{&quot;wdt_animation_effect&quot;:&quot;none&quot;}\" data-widget_type=\"image.default\">\n\t\t\t\t<div class=\"elementor-widget-container\">\n\t\t\t\t\t\t\t\t\t\t\t\t\t\t\t<img fetchpriority=\"high\" decoding=\"async\" width=\"870\" height=\"480\" src=\"https:\/\/grazicristalli.com\/wp-content\/uploads\/2023\/10\/Taglio.webp\" class=\"attachment-full size-full wp-image-4076\" alt=\"\" srcset=\"https:\/\/grazicristalli.com\/wp-content\/uploads\/2023\/10\/Taglio.webp 870w, https:\/\/grazicristalli.com\/wp-content\/uploads\/2023\/10\/Taglio-300x166.webp 300w, https:\/\/grazicristalli.com\/wp-content\/uploads\/2023\/10\/Taglio-768x424.webp 768w\" sizes=\"(max-width: 870px) 100vw, 870px\" \/>\t\t\t\t\t\t\t\t\t\t\t\t\t\t\t<\/div>\n\t\t\t\t<\/div>\n\t\t\t\t<div class=\"elementor-element elementor-element-69b28a6 start elementor-widget elementor-widget-wdt-heading\" data-id=\"69b28a6\" data-element_type=\"widget\" data-e-type=\"widget\" data-settings=\"{&quot;wdt_animation_effect&quot;:&quot;none&quot;}\" data-widget_type=\"wdt-heading.default\">\n\t\t\t\t<div class=\"elementor-widget-container\">\n\t\t\t\t\t<div class=\"wdt-heading-holder \" id=\"wdt-heading-69b28a6\"><h1 class=\"wdt-heading-title-wrapper wdt-heading-align-center wdt-heading-deco-wrapper\"><span class=\"wdt-heading-title\">TAGLIO<\/span><\/h1><div class=\"wdt-heading-content-wrapper\">La lavorazione del vetro \u00e8 un processo complesso che richiede attenzione meticolosa in ogni fase. Qui da Grazi Cristalli Industrie, abbiamo suddiviso questo processo intricato in varie fasi, ciascuna delle quali \u00e8 eseguita con maestria e dedizione. Per garantire un risultato eccellente ogni volta, mettiamo a disposizione dei nostri clienti non solo la nostra competenza artigianale, ma anche tecnologie innovative e macchinari all'avanguardia.\n<br><br>\nI nostri macchinari e software innovativi costituiscono il cuore pulsante delle nostre operazioni. Grazie a queste tecnologie di punta, siamo in grado di eseguire tagli precisi e dettagliati su una vasta gamma di materiali, tra cui cristalli monolitici e cristalli stratificati. La precisione nel taglio \u00e8 fondamentale per ottenere parti di vetro che si integrano perfettamente nei vostri progetti, e con i nostri macchinari di precisione, garantiamo risultati impeccabili ad ogni taglio.\n<br><br>\nUna delle nostre specialit\u00e0 \u00e8 il taglio ad idrogetto, una tecnica avanzata che ci consente di eseguire tagli complessi con estrema precisione. Questa metodologia ci apre le porte alla realizzazione di progetti particolari e unici, soddisfacendo anche le richieste pi\u00f9 dettagliate e gli standard di qualit\u00e0 pi\u00f9 elevati.\n<br><br>\nLa nostra flessibilit\u00e0 operativa ci consente di adattarci alle esigenze specifiche dei nostri clienti, indipendentemente dalla loro complessit\u00e0. Siamo orgogliosi di poter dire di poter soddisfare le richieste dei clienti pi\u00f9 esigenti. Ogni taglio che facciamo \u00e8 eseguito con la massima attenzione ai dettagli, garantendo non solo una precisione millimetrica, ma anche una finitura impeccabile che trasforma il vetro in opere d'arte.\n<br><br>\nCon Grazi Cristalli Industrie, non solo acquisti prodotti in vetro, ma investi in un'esperienza artigianale che unisce tradizione e innovazione. La nostra dedizione per la perfezione ci spinge a superare costantemente gli standard di qualit\u00e0, offrendoti risultati che non solo soddisfano, ma superano le tue aspettative. Entra nel nostro mondo di precisione e creativit\u00e0, dove ogni taglio di vetro \u00e8 una testimonianza del nostro impegno per l'eccellenza.<\/div><\/div>\t\t\t\t<\/div>\n\t\t\t\t<\/div>\n\t\t\t\t<div class=\"elementor-element elementor-element-6c00b56 elementor-widget elementor-widget-image\" data-id=\"6c00b56\" data-element_type=\"widget\" data-e-type=\"widget\" data-settings=\"{&quot;wdt_animation_effect&quot;:&quot;none&quot;}\" data-widget_type=\"image.default\">\n\t\t\t\t<div class=\"elementor-widget-container\">\n\t\t\t\t\t\t\t\t\t\t\t\t\t\t\t<img decoding=\"async\" width=\"700\" height=\"600\" src=\"https:\/\/grazicristalli.com\/wp-content\/uploads\/2023\/10\/taglio-vetro-manuale_11zon.webp\" class=\"attachment-full size-full wp-image-4379\" alt=\"\" srcset=\"https:\/\/grazicristalli.com\/wp-content\/uploads\/2023\/10\/taglio-vetro-manuale_11zon.webp 700w, https:\/\/grazicristalli.com\/wp-content\/uploads\/2023\/10\/taglio-vetro-manuale_11zon-300x257.webp 300w\" sizes=\"(max-width: 700px) 100vw, 700px\" \/>\t\t\t\t\t\t\t\t\t\t\t\t\t\t\t<\/div>\n\t\t\t\t<\/div>\n\t\t\t\t\t<\/div>\n\t\t<\/div>\n\t\t\t\t\t<\/div>\n\t\t<\/section>\n\t\t\t\t<\/div>\n\t\t","protected":false},"excerpt":{"rendered":"<p>TAGLIO La lavorazione del vetro \u00e8 un processo complesso che richiede attenzione meticolosa in ogni fase. Qui da Grazi Cristalli Industrie, abbiamo suddiviso questo processo intricato in varie fasi, ciascuna delle quali \u00e8 eseguita con maestria e dedizione. Per garantire un risultato eccellente ogni volta, mettiamo a disposizione dei nostri clienti non solo la nostra [&hellip;]<\/p>\n","protected":false},"author":1,"featured_media":0,"parent":4408,"menu_order":0,"comment_status":"closed","ping_status":"closed","template":"tpl-side-nav.php","meta":{"footnotes":""},"class_list":["post-4446","page","type-page","status-publish","hentry"],"yoast_head":"<!-- This site is optimized with the Yoast SEO plugin v27.4 - https:\/\/yoast.com\/product\/yoast-seo-wordpress\/ -->\n<title>CUT - Grazi Cristalli<\/title>\n<meta name=\"robots\" content=\"index, follow, max-snippet:-1, max-image-preview:large, max-video-preview:-1\" \/>\n<link rel=\"canonical\" href=\"https:\/\/grazicristalli.com\/en\/services\/cut\/\" \/>\n<meta property=\"og:locale\" content=\"en_US\" \/>\n<meta property=\"og:type\" content=\"article\" \/>\n<meta property=\"og:title\" content=\"CUT - Grazi Cristalli\" \/>\n<meta property=\"og:description\" content=\"TAGLIO La lavorazione del vetro \u00e8 un processo complesso che richiede attenzione meticolosa in ogni fase. Qui da Grazi Cristalli Industrie, abbiamo suddiviso questo processo intricato in varie fasi, ciascuna delle quali \u00e8 eseguita con maestria e dedizione. Per garantire un risultato eccellente ogni volta, mettiamo a disposizione dei nostri clienti non solo la nostra [&hellip;]\" \/>\n<meta property=\"og:url\" content=\"https:\/\/grazicristalli.com\/en\/services\/cut\/\" \/>\n<meta property=\"og:site_name\" content=\"Grazi Cristalli\" \/>\n<meta property=\"article:modified_time\" content=\"2023-11-13T10:11:38+00:00\" \/>\n<meta property=\"og:image\" content=\"https:\/\/grazi.digital-comm.it\/wp-content\/uploads\/2023\/10\/Taglio.webp\" \/>\n<meta name=\"twitter:card\" content=\"summary_large_image\" \/>\n<meta name=\"twitter:label1\" content=\"Est. reading time\" \/>\n\t<meta name=\"twitter:data1\" content=\"2 minutes\" \/>\n<script type=\"application\/ld+json\" class=\"yoast-schema-graph\">{\"@context\":\"https:\\\/\\\/schema.org\",\"@graph\":[{\"@type\":\"WebPage\",\"@id\":\"https:\\\/\\\/grazicristalli.com\\\/en\\\/services\\\/cut\\\/\",\"url\":\"https:\\\/\\\/grazicristalli.com\\\/en\\\/services\\\/cut\\\/\",\"name\":\"CUT - Grazi Cristalli\",\"isPartOf\":{\"@id\":\"https:\\\/\\\/grazicristalli.com\\\/#website\"},\"primaryImageOfPage\":{\"@id\":\"https:\\\/\\\/grazicristalli.com\\\/en\\\/services\\\/cut\\\/#primaryimage\"},\"image\":{\"@id\":\"https:\\\/\\\/grazicristalli.com\\\/en\\\/services\\\/cut\\\/#primaryimage\"},\"thumbnailUrl\":\"https:\\\/\\\/grazi.digital-comm.it\\\/wp-content\\\/uploads\\\/2023\\\/10\\\/Taglio.webp\",\"datePublished\":\"2023-10-13T10:29:40+00:00\",\"dateModified\":\"2023-11-13T10:11:38+00:00\",\"breadcrumb\":{\"@id\":\"https:\\\/\\\/grazicristalli.com\\\/en\\\/services\\\/cut\\\/#breadcrumb\"},\"inLanguage\":\"en-US\",\"potentialAction\":[{\"@type\":\"ReadAction\",\"target\":[\"https:\\\/\\\/grazicristalli.com\\\/en\\\/services\\\/cut\\\/\"]}]},{\"@type\":\"ImageObject\",\"inLanguage\":\"en-US\",\"@id\":\"https:\\\/\\\/grazicristalli.com\\\/en\\\/services\\\/cut\\\/#primaryimage\",\"url\":\"https:\\\/\\\/grazi.digital-comm.it\\\/wp-content\\\/uploads\\\/2023\\\/10\\\/Taglio.webp\",\"contentUrl\":\"https:\\\/\\\/grazi.digital-comm.it\\\/wp-content\\\/uploads\\\/2023\\\/10\\\/Taglio.webp\"},{\"@type\":\"BreadcrumbList\",\"@id\":\"https:\\\/\\\/grazicristalli.com\\\/en\\\/services\\\/cut\\\/#breadcrumb\",\"itemListElement\":[{\"@type\":\"ListItem\",\"position\":1,\"name\":\"Home\",\"item\":\"https:\\\/\\\/grazicristalli.com\\\/en\\\/\"},{\"@type\":\"ListItem\",\"position\":2,\"name\":\"Services\",\"item\":\"https:\\\/\\\/grazicristalli.com\\\/en\\\/services\\\/\"},{\"@type\":\"ListItem\",\"position\":3,\"name\":\"CUT\"}]},{\"@type\":\"WebSite\",\"@id\":\"https:\\\/\\\/grazicristalli.com\\\/#website\",\"url\":\"https:\\\/\\\/grazicristalli.com\\\/\",\"name\":\"Grazi Cristalli\",\"description\":\"\",\"publisher\":{\"@id\":\"https:\\\/\\\/grazicristalli.com\\\/#organization\"},\"potentialAction\":[{\"@type\":\"SearchAction\",\"target\":{\"@type\":\"EntryPoint\",\"urlTemplate\":\"https:\\\/\\\/grazicristalli.com\\\/?s={search_term_string}\"},\"query-input\":{\"@type\":\"PropertyValueSpecification\",\"valueRequired\":true,\"valueName\":\"search_term_string\"}}],\"inLanguage\":\"en-US\"},{\"@type\":\"Organization\",\"@id\":\"https:\\\/\\\/grazicristalli.com\\\/#organization\",\"name\":\"Grazi Cristalli\",\"url\":\"https:\\\/\\\/grazicristalli.com\\\/\",\"logo\":{\"@type\":\"ImageObject\",\"inLanguage\":\"en-US\",\"@id\":\"https:\\\/\\\/grazicristalli.com\\\/#\\\/schema\\\/logo\\\/image\\\/\",\"url\":\"https:\\\/\\\/grazicristalli.com\\\/wp-content\\\/uploads\\\/2023\\\/10\\\/cropped-favicon-01.webp\",\"contentUrl\":\"https:\\\/\\\/grazicristalli.com\\\/wp-content\\\/uploads\\\/2023\\\/10\\\/cropped-favicon-01.webp\",\"width\":512,\"height\":512,\"caption\":\"Grazi Cristalli\"},\"image\":{\"@id\":\"https:\\\/\\\/grazicristalli.com\\\/#\\\/schema\\\/logo\\\/image\\\/\"}}]}<\/script>\n<!-- \/ Yoast SEO plugin. -->","yoast_head_json":{"title":"CUT - Grazi Cristalli","robots":{"index":"index","follow":"follow","max-snippet":"max-snippet:-1","max-image-preview":"max-image-preview:large","max-video-preview":"max-video-preview:-1"},"canonical":"https:\/\/grazicristalli.com\/en\/services\/cut\/","og_locale":"en_US","og_type":"article","og_title":"CUT - Grazi Cristalli","og_description":"TAGLIO La lavorazione del vetro \u00e8 un processo complesso che richiede attenzione meticolosa in ogni fase. Qui da Grazi Cristalli Industrie, abbiamo suddiviso questo processo intricato in varie fasi, ciascuna delle quali \u00e8 eseguita con maestria e dedizione. Per garantire un risultato eccellente ogni volta, mettiamo a disposizione dei nostri clienti non solo la nostra [&hellip;]","og_url":"https:\/\/grazicristalli.com\/en\/services\/cut\/","og_site_name":"Grazi Cristalli","article_modified_time":"2023-11-13T10:11:38+00:00","og_image":[{"url":"https:\/\/grazi.digital-comm.it\/wp-content\/uploads\/2023\/10\/Taglio.webp","type":"","width":"","height":""}],"twitter_card":"summary_large_image","twitter_misc":{"Est. reading time":"2 minutes"},"schema":{"@context":"https:\/\/schema.org","@graph":[{"@type":"WebPage","@id":"https:\/\/grazicristalli.com\/en\/services\/cut\/","url":"https:\/\/grazicristalli.com\/en\/services\/cut\/","name":"CUT - Grazi Cristalli","isPartOf":{"@id":"https:\/\/grazicristalli.com\/#website"},"primaryImageOfPage":{"@id":"https:\/\/grazicristalli.com\/en\/services\/cut\/#primaryimage"},"image":{"@id":"https:\/\/grazicristalli.com\/en\/services\/cut\/#primaryimage"},"thumbnailUrl":"https:\/\/grazi.digital-comm.it\/wp-content\/uploads\/2023\/10\/Taglio.webp","datePublished":"2023-10-13T10:29:40+00:00","dateModified":"2023-11-13T10:11:38+00:00","breadcrumb":{"@id":"https:\/\/grazicristalli.com\/en\/services\/cut\/#breadcrumb"},"inLanguage":"en-US","potentialAction":[{"@type":"ReadAction","target":["https:\/\/grazicristalli.com\/en\/services\/cut\/"]}]},{"@type":"ImageObject","inLanguage":"en-US","@id":"https:\/\/grazicristalli.com\/en\/services\/cut\/#primaryimage","url":"https:\/\/grazi.digital-comm.it\/wp-content\/uploads\/2023\/10\/Taglio.webp","contentUrl":"https:\/\/grazi.digital-comm.it\/wp-content\/uploads\/2023\/10\/Taglio.webp"},{"@type":"BreadcrumbList","@id":"https:\/\/grazicristalli.com\/en\/services\/cut\/#breadcrumb","itemListElement":[{"@type":"ListItem","position":1,"name":"Home","item":"https:\/\/grazicristalli.com\/en\/"},{"@type":"ListItem","position":2,"name":"Services","item":"https:\/\/grazicristalli.com\/en\/services\/"},{"@type":"ListItem","position":3,"name":"CUT"}]},{"@type":"WebSite","@id":"https:\/\/grazicristalli.com\/#website","url":"https:\/\/grazicristalli.com\/","name":"Grazi Cristalli","description":"","publisher":{"@id":"https:\/\/grazicristalli.com\/#organization"},"potentialAction":[{"@type":"SearchAction","target":{"@type":"EntryPoint","urlTemplate":"https:\/\/grazicristalli.com\/?s={search_term_string}"},"query-input":{"@type":"PropertyValueSpecification","valueRequired":true,"valueName":"search_term_string"}}],"inLanguage":"en-US"},{"@type":"Organization","@id":"https:\/\/grazicristalli.com\/#organization","name":"Grazi Cristalli","url":"https:\/\/grazicristalli.com\/","logo":{"@type":"ImageObject","inLanguage":"en-US","@id":"https:\/\/grazicristalli.com\/#\/schema\/logo\/image\/","url":"https:\/\/grazicristalli.com\/wp-content\/uploads\/2023\/10\/cropped-favicon-01.webp","contentUrl":"https:\/\/grazicristalli.com\/wp-content\/uploads\/2023\/10\/cropped-favicon-01.webp","width":512,"height":512,"caption":"Grazi Cristalli"},"image":{"@id":"https:\/\/grazicristalli.com\/#\/schema\/logo\/image\/"}}]}},"_links":{"self":[{"href":"https:\/\/grazicristalli.com\/en\/wp-json\/wp\/v2\/pages\/4446","targetHints":{"allow":["GET"]}}],"collection":[{"href":"https:\/\/grazicristalli.com\/en\/wp-json\/wp\/v2\/pages"}],"about":[{"href":"https:\/\/grazicristalli.com\/en\/wp-json\/wp\/v2\/types\/page"}],"author":[{"embeddable":true,"href":"https:\/\/grazicristalli.com\/en\/wp-json\/wp\/v2\/users\/1"}],"replies":[{"embeddable":true,"href":"https:\/\/grazicristalli.com\/en\/wp-json\/wp\/v2\/comments?post=4446"}],"version-history":[{"count":5,"href":"https:\/\/grazicristalli.com\/en\/wp-json\/wp\/v2\/pages\/4446\/revisions"}],"predecessor-version":[{"id":4464,"href":"https:\/\/grazicristalli.com\/en\/wp-json\/wp\/v2\/pages\/4446\/revisions\/4464"}],"up":[{"embeddable":true,"href":"https:\/\/grazicristalli.com\/en\/wp-json\/wp\/v2\/pages\/4408"}],"wp:attachment":[{"href":"https:\/\/grazicristalli.com\/en\/wp-json\/wp\/v2\/media?parent=4446"}],"curies":[{"name":"wp","href":"https:\/\/api.w.org\/{rel}","templated":true}]}}