{"id":4443,"date":"2023-10-13T12:39:13","date_gmt":"2023-10-13T10:39:13","guid":{"rendered":"https:\/\/grazi.digital-comm.it\/services\/warehouse-and-logistics\/"},"modified":"2023-11-13T11:11:16","modified_gmt":"2023-11-13T10:11:16","slug":"warehouse-and-logistics","status":"publish","type":"page","link":"https:\/\/grazicristalli.com\/en\/services\/warehouse-and-logistics\/","title":{"rendered":"WAREHOUSE AND LOGISTICS"},"content":{"rendered":"\t\t<div data-elementor-type=\"wp-page\" data-elementor-id=\"4443\" class=\"elementor elementor-4443 elementor-2959\" data-elementor-post-type=\"page\">\n\t\t\t\t\t\t<section class=\"elementor-section elementor-top-section elementor-element elementor-element-997dab5 elementor-section-boxed elementor-section-height-default elementor-section-height-default\" data-id=\"997dab5\" data-element_type=\"section\" data-e-type=\"section\" data-settings=\"{&quot;wdt_bg_image&quot;:{&quot;url&quot;:&quot;&quot;,&quot;id&quot;:&quot;&quot;,&quot;size&quot;:&quot;&quot;},&quot;wdt_bg_image_widescreen&quot;:{&quot;url&quot;:&quot;&quot;,&quot;id&quot;:&quot;&quot;,&quot;size&quot;:&quot;&quot;},&quot;wdt_bg_image_laptop&quot;:{&quot;url&quot;:&quot;&quot;,&quot;id&quot;:&quot;&quot;,&quot;size&quot;:&quot;&quot;},&quot;wdt_bg_image_tablet_extra&quot;:{&quot;url&quot;:&quot;&quot;,&quot;id&quot;:&quot;&quot;,&quot;size&quot;:&quot;&quot;},&quot;wdt_bg_image_tablet&quot;:{&quot;url&quot;:&quot;&quot;,&quot;id&quot;:&quot;&quot;,&quot;size&quot;:&quot;&quot;},&quot;wdt_bg_image_mobile_extra&quot;:{&quot;url&quot;:&quot;&quot;,&quot;id&quot;:&quot;&quot;,&quot;size&quot;:&quot;&quot;},&quot;wdt_bg_image_mobile&quot;:{&quot;url&quot;:&quot;&quot;,&quot;id&quot;:&quot;&quot;,&quot;size&quot;:&quot;&quot;},&quot;wdt_bg_position&quot;:&quot;center center&quot;,&quot;wdt_animation_effect&quot;:&quot;none&quot;}\">\n\t\t\t\t\t\t<div class=\"elementor-container elementor-column-gap-no\">\n\t\t\t\t\t<div class=\"elementor-column elementor-col-100 elementor-top-column elementor-element elementor-element-db38cf3\" data-id=\"db38cf3\" data-element_type=\"column\" data-e-type=\"column\">\n\t\t\t<div class=\"elementor-widget-wrap elementor-element-populated\">\n\t\t\t\t\t\t<div class=\"elementor-element elementor-element-e613f7b elementor-widget elementor-widget-image\" data-id=\"e613f7b\" data-element_type=\"widget\" data-e-type=\"widget\" data-settings=\"{&quot;wdt_animation_effect&quot;:&quot;none&quot;}\" data-widget_type=\"image.default\">\n\t\t\t\t<div class=\"elementor-widget-container\">\n\t\t\t\t\t\t\t\t\t\t\t\t\t\t\t<img fetchpriority=\"high\" decoding=\"async\" width=\"870\" height=\"480\" src=\"https:\/\/grazicristalli.com\/wp-content\/uploads\/2023\/10\/logistica.webp\" class=\"attachment-full size-full wp-image-4081\" alt=\"\" srcset=\"https:\/\/grazicristalli.com\/wp-content\/uploads\/2023\/10\/logistica.webp 870w, https:\/\/grazicristalli.com\/wp-content\/uploads\/2023\/10\/logistica-300x166.webp 300w, https:\/\/grazicristalli.com\/wp-content\/uploads\/2023\/10\/logistica-768x424.webp 768w\" sizes=\"(max-width: 870px) 100vw, 870px\" \/>\t\t\t\t\t\t\t\t\t\t\t\t\t\t\t<\/div>\n\t\t\t\t<\/div>\n\t\t\t\t<div class=\"elementor-element elementor-element-c74d5ff start elementor-widget elementor-widget-wdt-heading\" data-id=\"c74d5ff\" data-element_type=\"widget\" data-e-type=\"widget\" data-settings=\"{&quot;wdt_animation_effect&quot;:&quot;none&quot;}\" data-widget_type=\"wdt-heading.default\">\n\t\t\t\t<div class=\"elementor-widget-container\">\n\t\t\t\t\t<div class=\"wdt-heading-holder \" id=\"wdt-heading-c74d5ff\"><h1 class=\"wdt-heading-title-wrapper wdt-heading-align-center wdt-heading-deco-wrapper\"><span class=\"wdt-heading-title\">STRATIFICA VETRO<\/span><\/h1><div class=\"wdt-heading-content-wrapper\">Grazi Cristalli Industrie si distingue per l'ampia disponibilit\u00e0 di grandi lastre di vetro di diverse tipologie nel nostro magazzino. Questa vasta gamma di opzioni ci consente di offrire soluzioni su misura per ogni esigenza. Sia che siate alla ricerca di cristalli extra chiari, colorati o stratificati, siamo pronti a soddisfare le vostre richieste con prodotti di alta qualit\u00e0 provenienti direttamente dal nostro vasto assortimento.\n<br><br>\nPer garantire un servizio completo e affidabile, disponiamo di un parco mezzi appositamente attrezzato per il trasporto e il montaggio sicuro delle nostre strutture in cristallo. La sicurezza dei nostri clienti \u00e8 la nostra priorit\u00e0 assoluta, ed \u00e8 per questo che operiamo con estrema attenzione e precisione in ogni fase del processo, dal trasporto all'installazione.\n<br><br>\nI nostri mezzi sono in grado di operare fino a un'altezza di 30 metri, garantendo la massima flessibilit\u00e0 nelle vostre esigenze di progettazione. Uno dei nostri camion gru \u00e8 completo di un gruppo ventose, una tecnologia avanzata che ci consente di gestire anche le installazioni pi\u00f9 delicate in modo sicuro e senza danneggiare i materiali. Questa attrezzatura ci permette di maneggiare grandi lastre di cristallo con la massima precisione, garantendo che ogni installazione sia eseguita con cura e perfezione.\n<br><br>\nLa nostra dedizione alla sicurezza e alla precisione si riflette non solo nella qualit\u00e0 dei nostri prodotti, ma anche nell'efficienza dei nostri servizi di trasporto e installazione. Scegliendo Grazi Cristalli Industrie, scegliete non solo prodotti di cristallo di alta qualit\u00e0, ma anche la tranquillit\u00e0 di sapere che ogni fase del processo \u00e8 gestita con la massima professionalit\u00e0 e cura. La vostra soddisfazione e sicurezza sono al centro di tutto ci\u00f2 che facciamo.<\/div><\/div>\t\t\t\t<\/div>\n\t\t\t\t<\/div>\n\t\t\t\t<div class=\"elementor-element elementor-element-2471a8f elementor-widget elementor-widget-image\" data-id=\"2471a8f\" data-element_type=\"widget\" data-e-type=\"widget\" data-settings=\"{&quot;wdt_animation_effect&quot;:&quot;none&quot;}\" data-widget_type=\"image.default\">\n\t\t\t\t<div class=\"elementor-widget-container\">\n\t\t\t\t\t\t\t\t\t\t\t\t\t\t\t<img decoding=\"async\" width=\"413\" height=\"550\" src=\"https:\/\/grazicristalli.com\/wp-content\/uploads\/2023\/10\/magazzino_11zon.webp\" class=\"attachment-full size-full wp-image-4383\" alt=\"\" srcset=\"https:\/\/grazicristalli.com\/wp-content\/uploads\/2023\/10\/magazzino_11zon.webp 413w, https:\/\/grazicristalli.com\/wp-content\/uploads\/2023\/10\/magazzino_11zon-225x300.webp 225w\" sizes=\"(max-width: 413px) 100vw, 413px\" \/>\t\t\t\t\t\t\t\t\t\t\t\t\t\t\t<\/div>\n\t\t\t\t<\/div>\n\t\t\t\t\t<\/div>\n\t\t<\/div>\n\t\t\t\t\t<\/div>\n\t\t<\/section>\n\t\t\t\t<\/div>\n\t\t","protected":false},"excerpt":{"rendered":"<p>STRATIFICA VETRO Grazi Cristalli Industrie si distingue per l&#8217;ampia disponibilit\u00e0 di grandi lastre di vetro di diverse tipologie nel nostro magazzino. Questa vasta gamma di opzioni ci consente di offrire soluzioni su misura per ogni esigenza. Sia che siate alla ricerca di cristalli extra chiari, colorati o stratificati, siamo pronti a soddisfare le vostre richieste [&hellip;]<\/p>\n","protected":false},"author":1,"featured_media":0,"parent":4408,"menu_order":0,"comment_status":"closed","ping_status":"closed","template":"tpl-side-nav.php","meta":{"footnotes":""},"class_list":["post-4443","page","type-page","status-publish","hentry"],"yoast_head":"<!-- This site is optimized with the Yoast SEO plugin v27.5 - https:\/\/yoast.com\/product\/yoast-seo-wordpress\/ -->\n<title>WAREHOUSE AND LOGISTICS - Grazi Cristalli<\/title>\n<meta name=\"robots\" content=\"index, follow, max-snippet:-1, max-image-preview:large, max-video-preview:-1\" \/>\n<link rel=\"canonical\" href=\"https:\/\/grazicristalli.com\/en\/services\/warehouse-and-logistics\/\" \/>\n<meta property=\"og:locale\" content=\"en_US\" \/>\n<meta property=\"og:type\" content=\"article\" \/>\n<meta property=\"og:title\" content=\"WAREHOUSE AND LOGISTICS - Grazi Cristalli\" \/>\n<meta property=\"og:description\" content=\"STRATIFICA VETRO Grazi Cristalli Industrie si distingue per l&#8217;ampia disponibilit\u00e0 di grandi lastre di vetro di diverse tipologie nel nostro magazzino. Questa vasta gamma di opzioni ci consente di offrire soluzioni su misura per ogni esigenza. Sia che siate alla ricerca di cristalli extra chiari, colorati o stratificati, siamo pronti a soddisfare le vostre richieste [&hellip;]\" \/>\n<meta property=\"og:url\" content=\"https:\/\/grazicristalli.com\/en\/services\/warehouse-and-logistics\/\" \/>\n<meta property=\"og:site_name\" content=\"Grazi Cristalli\" \/>\n<meta property=\"article:modified_time\" content=\"2023-11-13T10:11:16+00:00\" \/>\n<meta property=\"og:image\" content=\"https:\/\/grazi.digital-comm.it\/wp-content\/uploads\/2023\/10\/logistica.webp\" \/>\n<meta name=\"twitter:card\" content=\"summary_large_image\" \/>\n<meta name=\"twitter:label1\" content=\"Est. reading time\" \/>\n\t<meta name=\"twitter:data1\" content=\"1 minute\" \/>\n<script type=\"application\/ld+json\" class=\"yoast-schema-graph\">{\"@context\":\"https:\\\/\\\/schema.org\",\"@graph\":[{\"@type\":\"WebPage\",\"@id\":\"https:\\\/\\\/grazicristalli.com\\\/en\\\/services\\\/warehouse-and-logistics\\\/\",\"url\":\"https:\\\/\\\/grazicristalli.com\\\/en\\\/services\\\/warehouse-and-logistics\\\/\",\"name\":\"WAREHOUSE AND LOGISTICS - Grazi Cristalli\",\"isPartOf\":{\"@id\":\"https:\\\/\\\/grazicristalli.com\\\/#website\"},\"primaryImageOfPage\":{\"@id\":\"https:\\\/\\\/grazicristalli.com\\\/en\\\/services\\\/warehouse-and-logistics\\\/#primaryimage\"},\"image\":{\"@id\":\"https:\\\/\\\/grazicristalli.com\\\/en\\\/services\\\/warehouse-and-logistics\\\/#primaryimage\"},\"thumbnailUrl\":\"https:\\\/\\\/grazi.digital-comm.it\\\/wp-content\\\/uploads\\\/2023\\\/10\\\/logistica.webp\",\"datePublished\":\"2023-10-13T10:39:13+00:00\",\"dateModified\":\"2023-11-13T10:11:16+00:00\",\"breadcrumb\":{\"@id\":\"https:\\\/\\\/grazicristalli.com\\\/en\\\/services\\\/warehouse-and-logistics\\\/#breadcrumb\"},\"inLanguage\":\"en-US\",\"potentialAction\":[{\"@type\":\"ReadAction\",\"target\":[\"https:\\\/\\\/grazicristalli.com\\\/en\\\/services\\\/warehouse-and-logistics\\\/\"]}]},{\"@type\":\"ImageObject\",\"inLanguage\":\"en-US\",\"@id\":\"https:\\\/\\\/grazicristalli.com\\\/en\\\/services\\\/warehouse-and-logistics\\\/#primaryimage\",\"url\":\"https:\\\/\\\/grazi.digital-comm.it\\\/wp-content\\\/uploads\\\/2023\\\/10\\\/logistica.webp\",\"contentUrl\":\"https:\\\/\\\/grazi.digital-comm.it\\\/wp-content\\\/uploads\\\/2023\\\/10\\\/logistica.webp\"},{\"@type\":\"BreadcrumbList\",\"@id\":\"https:\\\/\\\/grazicristalli.com\\\/en\\\/services\\\/warehouse-and-logistics\\\/#breadcrumb\",\"itemListElement\":[{\"@type\":\"ListItem\",\"position\":1,\"name\":\"Home\",\"item\":\"https:\\\/\\\/grazicristalli.com\\\/en\\\/\"},{\"@type\":\"ListItem\",\"position\":2,\"name\":\"Services\",\"item\":\"https:\\\/\\\/grazicristalli.com\\\/en\\\/services\\\/\"},{\"@type\":\"ListItem\",\"position\":3,\"name\":\"WAREHOUSE AND LOGISTICS\"}]},{\"@type\":\"WebSite\",\"@id\":\"https:\\\/\\\/grazicristalli.com\\\/#website\",\"url\":\"https:\\\/\\\/grazicristalli.com\\\/\",\"name\":\"Grazi Cristalli\",\"description\":\"\",\"publisher\":{\"@id\":\"https:\\\/\\\/grazicristalli.com\\\/#organization\"},\"potentialAction\":[{\"@type\":\"SearchAction\",\"target\":{\"@type\":\"EntryPoint\",\"urlTemplate\":\"https:\\\/\\\/grazicristalli.com\\\/?s={search_term_string}\"},\"query-input\":{\"@type\":\"PropertyValueSpecification\",\"valueRequired\":true,\"valueName\":\"search_term_string\"}}],\"inLanguage\":\"en-US\"},{\"@type\":\"Organization\",\"@id\":\"https:\\\/\\\/grazicristalli.com\\\/#organization\",\"name\":\"Grazi Cristalli\",\"url\":\"https:\\\/\\\/grazicristalli.com\\\/\",\"logo\":{\"@type\":\"ImageObject\",\"inLanguage\":\"en-US\",\"@id\":\"https:\\\/\\\/grazicristalli.com\\\/#\\\/schema\\\/logo\\\/image\\\/\",\"url\":\"https:\\\/\\\/grazicristalli.com\\\/wp-content\\\/uploads\\\/2023\\\/10\\\/cropped-favicon-01.webp\",\"contentUrl\":\"https:\\\/\\\/grazicristalli.com\\\/wp-content\\\/uploads\\\/2023\\\/10\\\/cropped-favicon-01.webp\",\"width\":512,\"height\":512,\"caption\":\"Grazi Cristalli\"},\"image\":{\"@id\":\"https:\\\/\\\/grazicristalli.com\\\/#\\\/schema\\\/logo\\\/image\\\/\"}}]}<\/script>\n<!-- \/ Yoast SEO plugin. -->","yoast_head_json":{"title":"WAREHOUSE AND LOGISTICS - Grazi Cristalli","robots":{"index":"index","follow":"follow","max-snippet":"max-snippet:-1","max-image-preview":"max-image-preview:large","max-video-preview":"max-video-preview:-1"},"canonical":"https:\/\/grazicristalli.com\/en\/services\/warehouse-and-logistics\/","og_locale":"en_US","og_type":"article","og_title":"WAREHOUSE AND LOGISTICS - Grazi Cristalli","og_description":"STRATIFICA VETRO Grazi Cristalli Industrie si distingue per l&#8217;ampia disponibilit\u00e0 di grandi lastre di vetro di diverse tipologie nel nostro magazzino. Questa vasta gamma di opzioni ci consente di offrire soluzioni su misura per ogni esigenza. Sia che siate alla ricerca di cristalli extra chiari, colorati o stratificati, siamo pronti a soddisfare le vostre richieste [&hellip;]","og_url":"https:\/\/grazicristalli.com\/en\/services\/warehouse-and-logistics\/","og_site_name":"Grazi Cristalli","article_modified_time":"2023-11-13T10:11:16+00:00","og_image":[{"url":"https:\/\/grazi.digital-comm.it\/wp-content\/uploads\/2023\/10\/logistica.webp","type":"","width":"","height":""}],"twitter_card":"summary_large_image","twitter_misc":{"Est. reading time":"1 minute"},"schema":{"@context":"https:\/\/schema.org","@graph":[{"@type":"WebPage","@id":"https:\/\/grazicristalli.com\/en\/services\/warehouse-and-logistics\/","url":"https:\/\/grazicristalli.com\/en\/services\/warehouse-and-logistics\/","name":"WAREHOUSE AND LOGISTICS - Grazi Cristalli","isPartOf":{"@id":"https:\/\/grazicristalli.com\/#website"},"primaryImageOfPage":{"@id":"https:\/\/grazicristalli.com\/en\/services\/warehouse-and-logistics\/#primaryimage"},"image":{"@id":"https:\/\/grazicristalli.com\/en\/services\/warehouse-and-logistics\/#primaryimage"},"thumbnailUrl":"https:\/\/grazi.digital-comm.it\/wp-content\/uploads\/2023\/10\/logistica.webp","datePublished":"2023-10-13T10:39:13+00:00","dateModified":"2023-11-13T10:11:16+00:00","breadcrumb":{"@id":"https:\/\/grazicristalli.com\/en\/services\/warehouse-and-logistics\/#breadcrumb"},"inLanguage":"en-US","potentialAction":[{"@type":"ReadAction","target":["https:\/\/grazicristalli.com\/en\/services\/warehouse-and-logistics\/"]}]},{"@type":"ImageObject","inLanguage":"en-US","@id":"https:\/\/grazicristalli.com\/en\/services\/warehouse-and-logistics\/#primaryimage","url":"https:\/\/grazi.digital-comm.it\/wp-content\/uploads\/2023\/10\/logistica.webp","contentUrl":"https:\/\/grazi.digital-comm.it\/wp-content\/uploads\/2023\/10\/logistica.webp"},{"@type":"BreadcrumbList","@id":"https:\/\/grazicristalli.com\/en\/services\/warehouse-and-logistics\/#breadcrumb","itemListElement":[{"@type":"ListItem","position":1,"name":"Home","item":"https:\/\/grazicristalli.com\/en\/"},{"@type":"ListItem","position":2,"name":"Services","item":"https:\/\/grazicristalli.com\/en\/services\/"},{"@type":"ListItem","position":3,"name":"WAREHOUSE AND LOGISTICS"}]},{"@type":"WebSite","@id":"https:\/\/grazicristalli.com\/#website","url":"https:\/\/grazicristalli.com\/","name":"Grazi Cristalli","description":"","publisher":{"@id":"https:\/\/grazicristalli.com\/#organization"},"potentialAction":[{"@type":"SearchAction","target":{"@type":"EntryPoint","urlTemplate":"https:\/\/grazicristalli.com\/?s={search_term_string}"},"query-input":{"@type":"PropertyValueSpecification","valueRequired":true,"valueName":"search_term_string"}}],"inLanguage":"en-US"},{"@type":"Organization","@id":"https:\/\/grazicristalli.com\/#organization","name":"Grazi Cristalli","url":"https:\/\/grazicristalli.com\/","logo":{"@type":"ImageObject","inLanguage":"en-US","@id":"https:\/\/grazicristalli.com\/#\/schema\/logo\/image\/","url":"https:\/\/grazicristalli.com\/wp-content\/uploads\/2023\/10\/cropped-favicon-01.webp","contentUrl":"https:\/\/grazicristalli.com\/wp-content\/uploads\/2023\/10\/cropped-favicon-01.webp","width":512,"height":512,"caption":"Grazi Cristalli"},"image":{"@id":"https:\/\/grazicristalli.com\/#\/schema\/logo\/image\/"}}]}},"_links":{"self":[{"href":"https:\/\/grazicristalli.com\/en\/wp-json\/wp\/v2\/pages\/4443","targetHints":{"allow":["GET"]}}],"collection":[{"href":"https:\/\/grazicristalli.com\/en\/wp-json\/wp\/v2\/pages"}],"about":[{"href":"https:\/\/grazicristalli.com\/en\/wp-json\/wp\/v2\/types\/page"}],"author":[{"embeddable":true,"href":"https:\/\/grazicristalli.com\/en\/wp-json\/wp\/v2\/users\/1"}],"replies":[{"embeddable":true,"href":"https:\/\/grazicristalli.com\/en\/wp-json\/wp\/v2\/comments?post=4443"}],"version-history":[{"count":1,"href":"https:\/\/grazicristalli.com\/en\/wp-json\/wp\/v2\/pages\/4443\/revisions"}],"predecessor-version":[{"id":4444,"href":"https:\/\/grazicristalli.com\/en\/wp-json\/wp\/v2\/pages\/4443\/revisions\/4444"}],"up":[{"embeddable":true,"href":"https:\/\/grazicristalli.com\/en\/wp-json\/wp\/v2\/pages\/4408"}],"wp:attachment":[{"href":"https:\/\/grazicristalli.com\/en\/wp-json\/wp\/v2\/media?parent=4443"}],"curies":[{"name":"wp","href":"https:\/\/api.w.org\/{rel}","templated":true}]}}