{"id":4439,"date":"2023-10-13T12:30:53","date_gmt":"2023-10-13T10:30:53","guid":{"rendered":"https:\/\/grazi.digital-comm.it\/services\/artistic-creations\/"},"modified":"2023-11-13T11:11:15","modified_gmt":"2023-11-13T10:11:15","slug":"artistic-creations","status":"publish","type":"page","link":"https:\/\/grazicristalli.com\/en\/services\/artistic-creations\/","title":{"rendered":"ARTISTIC CREATIONS"},"content":{"rendered":"\t\t<div data-elementor-type=\"wp-page\" data-elementor-id=\"4439\" class=\"elementor elementor-4439 elementor-2946\" data-elementor-post-type=\"page\">\n\t\t\t\t\t\t<section class=\"elementor-section elementor-top-section elementor-element elementor-element-f95fda4 elementor-section-boxed elementor-section-height-default elementor-section-height-default\" data-id=\"f95fda4\" data-element_type=\"section\" data-e-type=\"section\" data-settings=\"{&quot;wdt_bg_image&quot;:{&quot;url&quot;:&quot;&quot;,&quot;id&quot;:&quot;&quot;,&quot;size&quot;:&quot;&quot;},&quot;wdt_bg_image_widescreen&quot;:{&quot;url&quot;:&quot;&quot;,&quot;id&quot;:&quot;&quot;,&quot;size&quot;:&quot;&quot;},&quot;wdt_bg_image_laptop&quot;:{&quot;url&quot;:&quot;&quot;,&quot;id&quot;:&quot;&quot;,&quot;size&quot;:&quot;&quot;},&quot;wdt_bg_image_tablet_extra&quot;:{&quot;url&quot;:&quot;&quot;,&quot;id&quot;:&quot;&quot;,&quot;size&quot;:&quot;&quot;},&quot;wdt_bg_image_tablet&quot;:{&quot;url&quot;:&quot;&quot;,&quot;id&quot;:&quot;&quot;,&quot;size&quot;:&quot;&quot;},&quot;wdt_bg_image_mobile_extra&quot;:{&quot;url&quot;:&quot;&quot;,&quot;id&quot;:&quot;&quot;,&quot;size&quot;:&quot;&quot;},&quot;wdt_bg_image_mobile&quot;:{&quot;url&quot;:&quot;&quot;,&quot;id&quot;:&quot;&quot;,&quot;size&quot;:&quot;&quot;},&quot;wdt_bg_position&quot;:&quot;center center&quot;,&quot;wdt_animation_effect&quot;:&quot;none&quot;}\">\n\t\t\t\t\t\t<div class=\"elementor-container elementor-column-gap-no\">\n\t\t\t\t\t<div class=\"elementor-column elementor-col-100 elementor-top-column elementor-element elementor-element-dd83142\" data-id=\"dd83142\" data-element_type=\"column\" data-e-type=\"column\">\n\t\t\t<div class=\"elementor-widget-wrap elementor-element-populated\">\n\t\t\t\t\t\t<div class=\"elementor-element elementor-element-811c73c elementor-widget elementor-widget-image\" data-id=\"811c73c\" data-element_type=\"widget\" data-e-type=\"widget\" data-settings=\"{&quot;wdt_animation_effect&quot;:&quot;none&quot;}\" data-widget_type=\"image.default\">\n\t\t\t\t<div class=\"elementor-widget-container\">\n\t\t\t\t\t\t\t\t\t\t\t\t\t\t\t<img fetchpriority=\"high\" decoding=\"async\" width=\"870\" height=\"480\" src=\"https:\/\/grazicristalli.com\/wp-content\/uploads\/2023\/10\/creazioni-artistiche.webp\" class=\"attachment-full size-full wp-image-4079\" alt=\"\" srcset=\"https:\/\/grazicristalli.com\/wp-content\/uploads\/2023\/10\/creazioni-artistiche.webp 870w, https:\/\/grazicristalli.com\/wp-content\/uploads\/2023\/10\/creazioni-artistiche-300x166.webp 300w, https:\/\/grazicristalli.com\/wp-content\/uploads\/2023\/10\/creazioni-artistiche-768x424.webp 768w\" sizes=\"(max-width: 870px) 100vw, 870px\" \/>\t\t\t\t\t\t\t\t\t\t\t\t\t\t\t<\/div>\n\t\t\t\t<\/div>\n\t\t\t\t<div class=\"elementor-element elementor-element-69b28a6 start elementor-widget elementor-widget-wdt-heading\" data-id=\"69b28a6\" data-element_type=\"widget\" data-e-type=\"widget\" data-settings=\"{&quot;wdt_animation_effect&quot;:&quot;none&quot;}\" data-widget_type=\"wdt-heading.default\">\n\t\t\t\t<div class=\"elementor-widget-container\">\n\t\t\t\t\t<div class=\"wdt-heading-holder \" id=\"wdt-heading-69b28a6\"><h1 class=\"wdt-heading-title-wrapper wdt-heading-align-center wdt-heading-deco-wrapper\"><span class=\"wdt-heading-title\">CREAZIONI ARTISTICHE<\/span><\/h1><div class=\"wdt-heading-content-wrapper\">Presso Grazi Cristalli Industrie, non ci limitiamo solo a fornire prodotti in cristallo, ma ci impegniamo anche a portare nei vostri ambienti elementi straordinariamente decorati. Su richiesta, ci occupiamo della decorazione di cristalli, aggiungendo un tocco di raffinatezza e fascino ai vostri spazi.\n<br><br>\nLe nostre ricerche costanti e lo sviluppo di nuove idee ci permettono di offrire una vasta gamma di opzioni decorative. Proponiamo cristallo extra chiaro, che offre una purezza cristallina senza pari, cos\u00ec come cristalli colorati e stratificati con inserti che aggiungono vivacit\u00e0 e profondit\u00e0 visiva. Inoltre, realizziamo modelli speciali che si distinguono per la loro originalit\u00e0 e creativit\u00e0, donando un carattere unico a ogni ambiente.\n<br><br>\nI nostri specchi e cristalli con rilievi rappresentano un'ulteriore possibilit\u00e0 decorativa. Questi elementi non solo riflettono la luce in modo elegante, ma anche aggiungono texture e dettagli artistici alla vostra decorazione. I rilievi sono realizzati con precisione artigianale, creando pattern sofisticati e suggestivi che rendono ogni pezzo un'opera d'arte.\n<br><br>\nLa nostra dedizione alla decorazione va oltre l'aspetto estetico. Ogni dettaglio \u00e8 curato con attenzione, dal design all'esecuzione. Utilizziamo tecniche avanzate e materiali di alta qualit\u00e0 per garantire che ogni decorazione rispecchi la nostra reputazione di eccellenza. Con il nostro impegno per l'innovazione e la creativit\u00e0, trasformiamo il cristallo in opere d'arte decorative che impreziosiscono e valorizzano ogni ambiente.\n<br><br>\nScegliendo Grazi Cristalli Industrie per la decorazione dei vostri ambienti, scegliete non solo prodotti di alta qualit\u00e0, ma anche un'eccellente esperienza decorativa. Ogni elemento decorato che realizziamo \u00e8 una celebrazione della nostra passione per il cristallo e della nostra costante ricerca di bellezza. Rendiamo i vostri spazi unici e affascinanti, offrendovi non solo decorazioni, ma vere e proprie testimonianze del nostro impegno per l'arte e la perfezione.e.<\/div><\/div>\t\t\t\t<\/div>\n\t\t\t\t<\/div>\n\t\t\t\t<div class=\"elementor-element elementor-element-7f45283 elementor-widget elementor-widget-image\" data-id=\"7f45283\" data-element_type=\"widget\" data-e-type=\"widget\" data-settings=\"{&quot;wdt_animation_effect&quot;:&quot;none&quot;}\" data-widget_type=\"image.default\">\n\t\t\t\t<div class=\"elementor-widget-container\">\n\t\t\t\t\t\t\t\t\t\t\t\t\t\t\t<img decoding=\"async\" width=\"1095\" height=\"730\" src=\"https:\/\/grazicristalli.com\/wp-content\/uploads\/2023\/10\/creazioniArtistiche_0_11zon.webp\" class=\"attachment-full size-full wp-image-4382\" alt=\"\" srcset=\"https:\/\/grazicristalli.com\/wp-content\/uploads\/2023\/10\/creazioniArtistiche_0_11zon.webp 1095w, https:\/\/grazicristalli.com\/wp-content\/uploads\/2023\/10\/creazioniArtistiche_0_11zon-300x200.webp 300w, https:\/\/grazicristalli.com\/wp-content\/uploads\/2023\/10\/creazioniArtistiche_0_11zon-1024x683.webp 1024w, https:\/\/grazicristalli.com\/wp-content\/uploads\/2023\/10\/creazioniArtistiche_0_11zon-768x512.webp 768w, https:\/\/grazicristalli.com\/wp-content\/uploads\/2023\/10\/creazioniArtistiche_0_11zon-1000x667.webp 1000w\" sizes=\"(max-width: 1095px) 100vw, 1095px\" \/>\t\t\t\t\t\t\t\t\t\t\t\t\t\t\t<\/div>\n\t\t\t\t<\/div>\n\t\t\t\t\t<\/div>\n\t\t<\/div>\n\t\t\t\t\t<\/div>\n\t\t<\/section>\n\t\t\t\t<\/div>\n\t\t","protected":false},"excerpt":{"rendered":"<p>CREAZIONI ARTISTICHE Presso Grazi Cristalli Industrie, non ci limitiamo solo a fornire prodotti in cristallo, ma ci impegniamo anche a portare nei vostri ambienti elementi straordinariamente decorati. Su richiesta, ci occupiamo della decorazione di cristalli, aggiungendo un tocco di raffinatezza e fascino ai vostri spazi. Le nostre ricerche costanti e lo sviluppo di nuove idee [&hellip;]<\/p>\n","protected":false},"author":1,"featured_media":0,"parent":4408,"menu_order":0,"comment_status":"closed","ping_status":"closed","template":"tpl-side-nav.php","meta":{"footnotes":""},"class_list":["post-4439","page","type-page","status-publish","hentry"],"yoast_head":"<!-- This site is optimized with the Yoast SEO plugin v27.6 - https:\/\/yoast.com\/product\/yoast-seo-wordpress\/ -->\n<title>ARTISTIC CREATIONS - Grazi Cristalli<\/title>\n<meta name=\"robots\" content=\"index, follow, max-snippet:-1, max-image-preview:large, max-video-preview:-1\" \/>\n<link rel=\"canonical\" href=\"https:\/\/grazicristalli.com\/en\/services\/artistic-creations\/\" \/>\n<meta property=\"og:locale\" content=\"en_US\" \/>\n<meta property=\"og:type\" content=\"article\" \/>\n<meta property=\"og:title\" content=\"ARTISTIC CREATIONS - Grazi Cristalli\" \/>\n<meta property=\"og:description\" content=\"CREAZIONI ARTISTICHE Presso Grazi Cristalli Industrie, non ci limitiamo solo a fornire prodotti in cristallo, ma ci impegniamo anche a portare nei vostri ambienti elementi straordinariamente decorati. Su richiesta, ci occupiamo della decorazione di cristalli, aggiungendo un tocco di raffinatezza e fascino ai vostri spazi. Le nostre ricerche costanti e lo sviluppo di nuove idee [&hellip;]\" \/>\n<meta property=\"og:url\" content=\"https:\/\/grazicristalli.com\/en\/services\/artistic-creations\/\" \/>\n<meta property=\"og:site_name\" content=\"Grazi Cristalli\" \/>\n<meta property=\"article:modified_time\" content=\"2023-11-13T10:11:15+00:00\" \/>\n<meta property=\"og:image\" content=\"https:\/\/grazi.digital-comm.it\/wp-content\/uploads\/2023\/10\/creazioni-artistiche.webp\" \/>\n<meta name=\"twitter:card\" content=\"summary_large_image\" \/>\n<meta name=\"twitter:label1\" content=\"Est. reading time\" \/>\n\t<meta name=\"twitter:data1\" content=\"1 minute\" \/>\n<script type=\"application\/ld+json\" class=\"yoast-schema-graph\">{\"@context\":\"https:\\\/\\\/schema.org\",\"@graph\":[{\"@type\":\"WebPage\",\"@id\":\"https:\\\/\\\/grazicristalli.com\\\/en\\\/services\\\/artistic-creations\\\/\",\"url\":\"https:\\\/\\\/grazicristalli.com\\\/en\\\/services\\\/artistic-creations\\\/\",\"name\":\"ARTISTIC CREATIONS - Grazi Cristalli\",\"isPartOf\":{\"@id\":\"https:\\\/\\\/grazicristalli.com\\\/#website\"},\"primaryImageOfPage\":{\"@id\":\"https:\\\/\\\/grazicristalli.com\\\/en\\\/services\\\/artistic-creations\\\/#primaryimage\"},\"image\":{\"@id\":\"https:\\\/\\\/grazicristalli.com\\\/en\\\/services\\\/artistic-creations\\\/#primaryimage\"},\"thumbnailUrl\":\"https:\\\/\\\/grazi.digital-comm.it\\\/wp-content\\\/uploads\\\/2023\\\/10\\\/creazioni-artistiche.webp\",\"datePublished\":\"2023-10-13T10:30:53+00:00\",\"dateModified\":\"2023-11-13T10:11:15+00:00\",\"breadcrumb\":{\"@id\":\"https:\\\/\\\/grazicristalli.com\\\/en\\\/services\\\/artistic-creations\\\/#breadcrumb\"},\"inLanguage\":\"en-US\",\"potentialAction\":[{\"@type\":\"ReadAction\",\"target\":[\"https:\\\/\\\/grazicristalli.com\\\/en\\\/services\\\/artistic-creations\\\/\"]}]},{\"@type\":\"ImageObject\",\"inLanguage\":\"en-US\",\"@id\":\"https:\\\/\\\/grazicristalli.com\\\/en\\\/services\\\/artistic-creations\\\/#primaryimage\",\"url\":\"https:\\\/\\\/grazi.digital-comm.it\\\/wp-content\\\/uploads\\\/2023\\\/10\\\/creazioni-artistiche.webp\",\"contentUrl\":\"https:\\\/\\\/grazi.digital-comm.it\\\/wp-content\\\/uploads\\\/2023\\\/10\\\/creazioni-artistiche.webp\"},{\"@type\":\"BreadcrumbList\",\"@id\":\"https:\\\/\\\/grazicristalli.com\\\/en\\\/services\\\/artistic-creations\\\/#breadcrumb\",\"itemListElement\":[{\"@type\":\"ListItem\",\"position\":1,\"name\":\"Home\",\"item\":\"https:\\\/\\\/grazicristalli.com\\\/en\\\/\"},{\"@type\":\"ListItem\",\"position\":2,\"name\":\"Services\",\"item\":\"https:\\\/\\\/grazicristalli.com\\\/en\\\/services\\\/\"},{\"@type\":\"ListItem\",\"position\":3,\"name\":\"ARTISTIC CREATIONS\"}]},{\"@type\":\"WebSite\",\"@id\":\"https:\\\/\\\/grazicristalli.com\\\/#website\",\"url\":\"https:\\\/\\\/grazicristalli.com\\\/\",\"name\":\"Grazi Cristalli\",\"description\":\"\",\"publisher\":{\"@id\":\"https:\\\/\\\/grazicristalli.com\\\/#organization\"},\"potentialAction\":[{\"@type\":\"SearchAction\",\"target\":{\"@type\":\"EntryPoint\",\"urlTemplate\":\"https:\\\/\\\/grazicristalli.com\\\/?s={search_term_string}\"},\"query-input\":{\"@type\":\"PropertyValueSpecification\",\"valueRequired\":true,\"valueName\":\"search_term_string\"}}],\"inLanguage\":\"en-US\"},{\"@type\":\"Organization\",\"@id\":\"https:\\\/\\\/grazicristalli.com\\\/#organization\",\"name\":\"Grazi Cristalli\",\"url\":\"https:\\\/\\\/grazicristalli.com\\\/\",\"logo\":{\"@type\":\"ImageObject\",\"inLanguage\":\"en-US\",\"@id\":\"https:\\\/\\\/grazicristalli.com\\\/#\\\/schema\\\/logo\\\/image\\\/\",\"url\":\"https:\\\/\\\/grazicristalli.com\\\/wp-content\\\/uploads\\\/2023\\\/10\\\/cropped-favicon-01.webp\",\"contentUrl\":\"https:\\\/\\\/grazicristalli.com\\\/wp-content\\\/uploads\\\/2023\\\/10\\\/cropped-favicon-01.webp\",\"width\":512,\"height\":512,\"caption\":\"Grazi Cristalli\"},\"image\":{\"@id\":\"https:\\\/\\\/grazicristalli.com\\\/#\\\/schema\\\/logo\\\/image\\\/\"}}]}<\/script>\n<!-- \/ Yoast SEO plugin. -->","yoast_head_json":{"title":"ARTISTIC CREATIONS - Grazi Cristalli","robots":{"index":"index","follow":"follow","max-snippet":"max-snippet:-1","max-image-preview":"max-image-preview:large","max-video-preview":"max-video-preview:-1"},"canonical":"https:\/\/grazicristalli.com\/en\/services\/artistic-creations\/","og_locale":"en_US","og_type":"article","og_title":"ARTISTIC CREATIONS - Grazi Cristalli","og_description":"CREAZIONI ARTISTICHE Presso Grazi Cristalli Industrie, non ci limitiamo solo a fornire prodotti in cristallo, ma ci impegniamo anche a portare nei vostri ambienti elementi straordinariamente decorati. Su richiesta, ci occupiamo della decorazione di cristalli, aggiungendo un tocco di raffinatezza e fascino ai vostri spazi. Le nostre ricerche costanti e lo sviluppo di nuove idee [&hellip;]","og_url":"https:\/\/grazicristalli.com\/en\/services\/artistic-creations\/","og_site_name":"Grazi Cristalli","article_modified_time":"2023-11-13T10:11:15+00:00","og_image":[{"url":"https:\/\/grazi.digital-comm.it\/wp-content\/uploads\/2023\/10\/creazioni-artistiche.webp","type":"","width":"","height":""}],"twitter_card":"summary_large_image","twitter_misc":{"Est. reading time":"1 minute"},"schema":{"@context":"https:\/\/schema.org","@graph":[{"@type":"WebPage","@id":"https:\/\/grazicristalli.com\/en\/services\/artistic-creations\/","url":"https:\/\/grazicristalli.com\/en\/services\/artistic-creations\/","name":"ARTISTIC CREATIONS - Grazi Cristalli","isPartOf":{"@id":"https:\/\/grazicristalli.com\/#website"},"primaryImageOfPage":{"@id":"https:\/\/grazicristalli.com\/en\/services\/artistic-creations\/#primaryimage"},"image":{"@id":"https:\/\/grazicristalli.com\/en\/services\/artistic-creations\/#primaryimage"},"thumbnailUrl":"https:\/\/grazi.digital-comm.it\/wp-content\/uploads\/2023\/10\/creazioni-artistiche.webp","datePublished":"2023-10-13T10:30:53+00:00","dateModified":"2023-11-13T10:11:15+00:00","breadcrumb":{"@id":"https:\/\/grazicristalli.com\/en\/services\/artistic-creations\/#breadcrumb"},"inLanguage":"en-US","potentialAction":[{"@type":"ReadAction","target":["https:\/\/grazicristalli.com\/en\/services\/artistic-creations\/"]}]},{"@type":"ImageObject","inLanguage":"en-US","@id":"https:\/\/grazicristalli.com\/en\/services\/artistic-creations\/#primaryimage","url":"https:\/\/grazi.digital-comm.it\/wp-content\/uploads\/2023\/10\/creazioni-artistiche.webp","contentUrl":"https:\/\/grazi.digital-comm.it\/wp-content\/uploads\/2023\/10\/creazioni-artistiche.webp"},{"@type":"BreadcrumbList","@id":"https:\/\/grazicristalli.com\/en\/services\/artistic-creations\/#breadcrumb","itemListElement":[{"@type":"ListItem","position":1,"name":"Home","item":"https:\/\/grazicristalli.com\/en\/"},{"@type":"ListItem","position":2,"name":"Services","item":"https:\/\/grazicristalli.com\/en\/services\/"},{"@type":"ListItem","position":3,"name":"ARTISTIC CREATIONS"}]},{"@type":"WebSite","@id":"https:\/\/grazicristalli.com\/#website","url":"https:\/\/grazicristalli.com\/","name":"Grazi Cristalli","description":"","publisher":{"@id":"https:\/\/grazicristalli.com\/#organization"},"potentialAction":[{"@type":"SearchAction","target":{"@type":"EntryPoint","urlTemplate":"https:\/\/grazicristalli.com\/?s={search_term_string}"},"query-input":{"@type":"PropertyValueSpecification","valueRequired":true,"valueName":"search_term_string"}}],"inLanguage":"en-US"},{"@type":"Organization","@id":"https:\/\/grazicristalli.com\/#organization","name":"Grazi Cristalli","url":"https:\/\/grazicristalli.com\/","logo":{"@type":"ImageObject","inLanguage":"en-US","@id":"https:\/\/grazicristalli.com\/#\/schema\/logo\/image\/","url":"https:\/\/grazicristalli.com\/wp-content\/uploads\/2023\/10\/cropped-favicon-01.webp","contentUrl":"https:\/\/grazicristalli.com\/wp-content\/uploads\/2023\/10\/cropped-favicon-01.webp","width":512,"height":512,"caption":"Grazi Cristalli"},"image":{"@id":"https:\/\/grazicristalli.com\/#\/schema\/logo\/image\/"}}]}},"_links":{"self":[{"href":"https:\/\/grazicristalli.com\/en\/wp-json\/wp\/v2\/pages\/4439","targetHints":{"allow":["GET"]}}],"collection":[{"href":"https:\/\/grazicristalli.com\/en\/wp-json\/wp\/v2\/pages"}],"about":[{"href":"https:\/\/grazicristalli.com\/en\/wp-json\/wp\/v2\/types\/page"}],"author":[{"embeddable":true,"href":"https:\/\/grazicristalli.com\/en\/wp-json\/wp\/v2\/users\/1"}],"replies":[{"embeddable":true,"href":"https:\/\/grazicristalli.com\/en\/wp-json\/wp\/v2\/comments?post=4439"}],"version-history":[{"count":1,"href":"https:\/\/grazicristalli.com\/en\/wp-json\/wp\/v2\/pages\/4439\/revisions"}],"predecessor-version":[{"id":4441,"href":"https:\/\/grazicristalli.com\/en\/wp-json\/wp\/v2\/pages\/4439\/revisions\/4441"}],"up":[{"embeddable":true,"href":"https:\/\/grazicristalli.com\/en\/wp-json\/wp\/v2\/pages\/4408"}],"wp:attachment":[{"href":"https:\/\/grazicristalli.com\/en\/wp-json\/wp\/v2\/media?parent=4439"}],"curies":[{"name":"wp","href":"https:\/\/api.w.org\/{rel}","templated":true}]}}