{"id":4435,"date":"2023-10-13T11:57:42","date_gmt":"2023-10-13T09:57:42","guid":{"rendered":"https:\/\/grazi.digital-comm.it\/services\/pasting\/"},"modified":"2023-11-13T11:11:12","modified_gmt":"2023-11-13T10:11:12","slug":"pasting","status":"publish","type":"page","link":"https:\/\/grazicristalli.com\/en\/services\/pasting\/","title":{"rendered":"PASTING"},"content":{"rendered":"\t\t<div data-elementor-type=\"wp-page\" data-elementor-id=\"4435\" class=\"elementor elementor-4435 elementor-2918\" data-elementor-post-type=\"page\">\n\t\t\t\t\t\t<section class=\"elementor-section elementor-top-section elementor-element elementor-element-ddf353b elementor-section-boxed elementor-section-height-default elementor-section-height-default\" data-id=\"ddf353b\" data-element_type=\"section\" data-e-type=\"section\" data-settings=\"{&quot;wdt_bg_image&quot;:{&quot;url&quot;:&quot;&quot;,&quot;id&quot;:&quot;&quot;,&quot;size&quot;:&quot;&quot;},&quot;wdt_bg_image_widescreen&quot;:{&quot;url&quot;:&quot;&quot;,&quot;id&quot;:&quot;&quot;,&quot;size&quot;:&quot;&quot;},&quot;wdt_bg_image_laptop&quot;:{&quot;url&quot;:&quot;&quot;,&quot;id&quot;:&quot;&quot;,&quot;size&quot;:&quot;&quot;},&quot;wdt_bg_image_tablet_extra&quot;:{&quot;url&quot;:&quot;&quot;,&quot;id&quot;:&quot;&quot;,&quot;size&quot;:&quot;&quot;},&quot;wdt_bg_image_tablet&quot;:{&quot;url&quot;:&quot;&quot;,&quot;id&quot;:&quot;&quot;,&quot;size&quot;:&quot;&quot;},&quot;wdt_bg_image_mobile_extra&quot;:{&quot;url&quot;:&quot;&quot;,&quot;id&quot;:&quot;&quot;,&quot;size&quot;:&quot;&quot;},&quot;wdt_bg_image_mobile&quot;:{&quot;url&quot;:&quot;&quot;,&quot;id&quot;:&quot;&quot;,&quot;size&quot;:&quot;&quot;},&quot;wdt_bg_position&quot;:&quot;center center&quot;,&quot;wdt_animation_effect&quot;:&quot;none&quot;}\">\n\t\t\t\t\t\t<div class=\"elementor-container elementor-column-gap-no\">\n\t\t\t\t\t<div class=\"elementor-column elementor-col-100 elementor-top-column elementor-element elementor-element-d7b5452\" data-id=\"d7b5452\" data-element_type=\"column\" data-e-type=\"column\">\n\t\t\t<div class=\"elementor-widget-wrap elementor-element-populated\">\n\t\t\t\t\t\t<div class=\"elementor-element elementor-element-0fbac30 elementor-widget elementor-widget-image\" data-id=\"0fbac30\" data-element_type=\"widget\" data-e-type=\"widget\" data-settings=\"{&quot;wdt_animation_effect&quot;:&quot;none&quot;}\" data-widget_type=\"image.default\">\n\t\t\t\t<div class=\"elementor-widget-container\">\n\t\t\t\t\t\t\t\t\t\t\t\t\t\t\t<img fetchpriority=\"high\" decoding=\"async\" width=\"870\" height=\"480\" src=\"https:\/\/grazicristalli.com\/wp-content\/uploads\/2023\/10\/Incollaggio.webp\" class=\"attachment-full size-full wp-image-4078\" alt=\"\" srcset=\"https:\/\/grazicristalli.com\/wp-content\/uploads\/2023\/10\/Incollaggio.webp 870w, https:\/\/grazicristalli.com\/wp-content\/uploads\/2023\/10\/Incollaggio-300x166.webp 300w, https:\/\/grazicristalli.com\/wp-content\/uploads\/2023\/10\/Incollaggio-768x424.webp 768w\" sizes=\"(max-width: 870px) 100vw, 870px\" \/>\t\t\t\t\t\t\t\t\t\t\t\t\t\t\t<\/div>\n\t\t\t\t<\/div>\n\t\t\t\t<div class=\"elementor-element elementor-element-3609b7d start elementor-widget elementor-widget-wdt-heading\" data-id=\"3609b7d\" data-element_type=\"widget\" data-e-type=\"widget\" data-settings=\"{&quot;wdt_animation_effect&quot;:&quot;none&quot;}\" data-widget_type=\"wdt-heading.default\">\n\t\t\t\t<div class=\"elementor-widget-container\">\n\t\t\t\t\t<div class=\"wdt-heading-holder \" id=\"wdt-heading-3609b7d\"><h1 class=\"wdt-heading-title-wrapper wdt-heading-align-center wdt-heading-deco-wrapper\"><span class=\"wdt-heading-title\">INCOLLAGGIO<\/span><\/h1><div class=\"wdt-heading-content-wrapper\">Per noi di Cristalli Grazi Industrie, preservare la bellezza e la purezza del cristallo \u00e8 una missione primaria. Per questo motivo, utilizziamo un sistema di incollaggio innovativo basato sulla tecnologia a raggi ultravioletti, noti come \"UV\". Questo metodo ci consente di realizzare lavori esemplari, mantenendo l'integrit\u00e0 del cristallo senza lasciare alcuna traccia visibile. Con grande maestria, seguiamo manualmente qualsiasi forma necessaria, creando connessioni invisibili che esaltano la bellezza naturale del cristallo.\n<br><br>\nLa nostra attenzione ai dettagli non si ferma solo all'applicazione del sistema di incollaggio. Presso Cristalli Grazi Industrie, utilizziamo adesivi di ultima generazione, scegliendo con cura e saggezza la giusta alternativa per ogni applicazione specifica. Ogni adesivo \u00e8 attentamente valutato in base alle finalit\u00e0 dell'applicazione, garantendo non solo una forte adesione, ma anche la sicurezza e la durabilit\u00e0 nel tempo delle nostre strutture in cristallo.\n<br><br>\nLa nostra competenza nel campo degli incollaggi non riguarda solo l'aspetto tecnico, ma anche la capacit\u00e0 di comprendere le esigenze individuali dei nostri clienti. Ogni progetto \u00e8 unico, e noi lavoriamo in collaborazione con voi per garantire che l'adesivo utilizzato non solo soddisfi le specifiche tecniche, ma anche le vostre aspettative estetiche. La nostra esperienza e la nostra attenzione personalizzata ci permettono di offrire soluzioni di incollaggio su misura, garantendo che ogni pezzo di cristallo incollato rifletta la vostra visione e il nostro impegno per l'eccellenza.\n<br<br>\nCon Cristalli Grazi Industrie, non solo ottenete strutture in cristallo di alta qualit\u00e0, ma anche una garanzia di perfezione nel processo di incollaggio. La nostra dedizione per la bellezza senza tempo e la qualit\u00e0 senza compromessi ci spinge costantemente a superare gli standard dell'industria, offrendo risultati che non solo resistono alla prova del tempo, ma anche valorizzano l'ambiente circostante con un tocco di eleganza. Scegliendo le nostre strutture in cristallo incollate con sistema \"UV\", scegliete la bellezza e l'eccellenza senza pari.<\/div><\/div>\t\t\t\t<\/div>\n\t\t\t\t<\/div>\n\t\t\t\t<div class=\"elementor-element elementor-element-d6ad3da elementor-widget elementor-widget-image\" data-id=\"d6ad3da\" data-element_type=\"widget\" data-e-type=\"widget\" data-settings=\"{&quot;wdt_animation_effect&quot;:&quot;none&quot;}\" data-widget_type=\"image.default\">\n\t\t\t\t<div class=\"elementor-widget-container\">\n\t\t\t\t\t\t\t\t\t\t\t\t\t\t\t<img decoding=\"async\" width=\"413\" height=\"550\" src=\"https:\/\/grazicristalli.com\/wp-content\/uploads\/2023\/10\/incollaggio_11zon.webp\" class=\"attachment-full size-full wp-image-4381\" alt=\"\" srcset=\"https:\/\/grazicristalli.com\/wp-content\/uploads\/2023\/10\/incollaggio_11zon.webp 413w, https:\/\/grazicristalli.com\/wp-content\/uploads\/2023\/10\/incollaggio_11zon-225x300.webp 225w\" sizes=\"(max-width: 413px) 100vw, 413px\" \/>\t\t\t\t\t\t\t\t\t\t\t\t\t\t\t<\/div>\n\t\t\t\t<\/div>\n\t\t\t\t\t<\/div>\n\t\t<\/div>\n\t\t\t\t\t<\/div>\n\t\t<\/section>\n\t\t\t\t<\/div>\n\t\t","protected":false},"excerpt":{"rendered":"<p>INCOLLAGGIO Per noi di Cristalli Grazi Industrie, preservare la bellezza e la purezza del cristallo \u00e8 una missione primaria. Per questo motivo, utilizziamo un sistema di incollaggio innovativo basato sulla tecnologia a raggi ultravioletti, noti come &#8220;UV&#8221;. Questo metodo ci consente di realizzare lavori esemplari, mantenendo l&#8217;integrit\u00e0 del cristallo senza lasciare alcuna traccia visibile. Con [&hellip;]<\/p>\n","protected":false},"author":1,"featured_media":0,"parent":4408,"menu_order":0,"comment_status":"closed","ping_status":"closed","template":"tpl-side-nav.php","meta":{"footnotes":""},"class_list":["post-4435","page","type-page","status-publish","hentry"],"yoast_head":"<!-- This site is optimized with the Yoast SEO plugin v27.5 - https:\/\/yoast.com\/product\/yoast-seo-wordpress\/ -->\n<title>PASTING - Grazi Cristalli<\/title>\n<meta name=\"robots\" content=\"index, follow, max-snippet:-1, max-image-preview:large, max-video-preview:-1\" \/>\n<link rel=\"canonical\" href=\"https:\/\/grazicristalli.com\/en\/services\/pasting\/\" \/>\n<meta property=\"og:locale\" content=\"en_US\" \/>\n<meta property=\"og:type\" content=\"article\" \/>\n<meta property=\"og:title\" content=\"PASTING - Grazi Cristalli\" \/>\n<meta property=\"og:description\" content=\"INCOLLAGGIO Per noi di Cristalli Grazi Industrie, preservare la bellezza e la purezza del cristallo \u00e8 una missione primaria. Per questo motivo, utilizziamo un sistema di incollaggio innovativo basato sulla tecnologia a raggi ultravioletti, noti come &#8220;UV&#8221;. Questo metodo ci consente di realizzare lavori esemplari, mantenendo l&#8217;integrit\u00e0 del cristallo senza lasciare alcuna traccia visibile. Con [&hellip;]\" \/>\n<meta property=\"og:url\" content=\"https:\/\/grazicristalli.com\/en\/services\/pasting\/\" \/>\n<meta property=\"og:site_name\" content=\"Grazi Cristalli\" \/>\n<meta property=\"article:modified_time\" content=\"2023-11-13T10:11:12+00:00\" \/>\n<meta property=\"og:image\" content=\"https:\/\/grazi.digital-comm.it\/wp-content\/uploads\/2023\/10\/Incollaggio.webp\" \/>\n<meta name=\"twitter:card\" content=\"summary_large_image\" \/>\n<meta name=\"twitter:label1\" content=\"Est. reading time\" \/>\n\t<meta name=\"twitter:data1\" content=\"1 minute\" \/>\n<script type=\"application\/ld+json\" class=\"yoast-schema-graph\">{\"@context\":\"https:\\\/\\\/schema.org\",\"@graph\":[{\"@type\":\"WebPage\",\"@id\":\"https:\\\/\\\/grazicristalli.com\\\/en\\\/services\\\/pasting\\\/\",\"url\":\"https:\\\/\\\/grazicristalli.com\\\/en\\\/services\\\/pasting\\\/\",\"name\":\"PASTING - Grazi Cristalli\",\"isPartOf\":{\"@id\":\"https:\\\/\\\/grazicristalli.com\\\/#website\"},\"primaryImageOfPage\":{\"@id\":\"https:\\\/\\\/grazicristalli.com\\\/en\\\/services\\\/pasting\\\/#primaryimage\"},\"image\":{\"@id\":\"https:\\\/\\\/grazicristalli.com\\\/en\\\/services\\\/pasting\\\/#primaryimage\"},\"thumbnailUrl\":\"https:\\\/\\\/grazi.digital-comm.it\\\/wp-content\\\/uploads\\\/2023\\\/10\\\/Incollaggio.webp\",\"datePublished\":\"2023-10-13T09:57:42+00:00\",\"dateModified\":\"2023-11-13T10:11:12+00:00\",\"breadcrumb\":{\"@id\":\"https:\\\/\\\/grazicristalli.com\\\/en\\\/services\\\/pasting\\\/#breadcrumb\"},\"inLanguage\":\"en-US\",\"potentialAction\":[{\"@type\":\"ReadAction\",\"target\":[\"https:\\\/\\\/grazicristalli.com\\\/en\\\/services\\\/pasting\\\/\"]}]},{\"@type\":\"ImageObject\",\"inLanguage\":\"en-US\",\"@id\":\"https:\\\/\\\/grazicristalli.com\\\/en\\\/services\\\/pasting\\\/#primaryimage\",\"url\":\"https:\\\/\\\/grazi.digital-comm.it\\\/wp-content\\\/uploads\\\/2023\\\/10\\\/Incollaggio.webp\",\"contentUrl\":\"https:\\\/\\\/grazi.digital-comm.it\\\/wp-content\\\/uploads\\\/2023\\\/10\\\/Incollaggio.webp\"},{\"@type\":\"BreadcrumbList\",\"@id\":\"https:\\\/\\\/grazicristalli.com\\\/en\\\/services\\\/pasting\\\/#breadcrumb\",\"itemListElement\":[{\"@type\":\"ListItem\",\"position\":1,\"name\":\"Home\",\"item\":\"https:\\\/\\\/grazicristalli.com\\\/en\\\/\"},{\"@type\":\"ListItem\",\"position\":2,\"name\":\"Services\",\"item\":\"https:\\\/\\\/grazicristalli.com\\\/en\\\/services\\\/\"},{\"@type\":\"ListItem\",\"position\":3,\"name\":\"PASTING\"}]},{\"@type\":\"WebSite\",\"@id\":\"https:\\\/\\\/grazicristalli.com\\\/#website\",\"url\":\"https:\\\/\\\/grazicristalli.com\\\/\",\"name\":\"Grazi Cristalli\",\"description\":\"\",\"publisher\":{\"@id\":\"https:\\\/\\\/grazicristalli.com\\\/#organization\"},\"potentialAction\":[{\"@type\":\"SearchAction\",\"target\":{\"@type\":\"EntryPoint\",\"urlTemplate\":\"https:\\\/\\\/grazicristalli.com\\\/?s={search_term_string}\"},\"query-input\":{\"@type\":\"PropertyValueSpecification\",\"valueRequired\":true,\"valueName\":\"search_term_string\"}}],\"inLanguage\":\"en-US\"},{\"@type\":\"Organization\",\"@id\":\"https:\\\/\\\/grazicristalli.com\\\/#organization\",\"name\":\"Grazi Cristalli\",\"url\":\"https:\\\/\\\/grazicristalli.com\\\/\",\"logo\":{\"@type\":\"ImageObject\",\"inLanguage\":\"en-US\",\"@id\":\"https:\\\/\\\/grazicristalli.com\\\/#\\\/schema\\\/logo\\\/image\\\/\",\"url\":\"https:\\\/\\\/grazicristalli.com\\\/wp-content\\\/uploads\\\/2023\\\/10\\\/cropped-favicon-01.webp\",\"contentUrl\":\"https:\\\/\\\/grazicristalli.com\\\/wp-content\\\/uploads\\\/2023\\\/10\\\/cropped-favicon-01.webp\",\"width\":512,\"height\":512,\"caption\":\"Grazi Cristalli\"},\"image\":{\"@id\":\"https:\\\/\\\/grazicristalli.com\\\/#\\\/schema\\\/logo\\\/image\\\/\"}}]}<\/script>\n<!-- \/ Yoast SEO plugin. -->","yoast_head_json":{"title":"PASTING - Grazi Cristalli","robots":{"index":"index","follow":"follow","max-snippet":"max-snippet:-1","max-image-preview":"max-image-preview:large","max-video-preview":"max-video-preview:-1"},"canonical":"https:\/\/grazicristalli.com\/en\/services\/pasting\/","og_locale":"en_US","og_type":"article","og_title":"PASTING - Grazi Cristalli","og_description":"INCOLLAGGIO Per noi di Cristalli Grazi Industrie, preservare la bellezza e la purezza del cristallo \u00e8 una missione primaria. Per questo motivo, utilizziamo un sistema di incollaggio innovativo basato sulla tecnologia a raggi ultravioletti, noti come &#8220;UV&#8221;. Questo metodo ci consente di realizzare lavori esemplari, mantenendo l&#8217;integrit\u00e0 del cristallo senza lasciare alcuna traccia visibile. Con [&hellip;]","og_url":"https:\/\/grazicristalli.com\/en\/services\/pasting\/","og_site_name":"Grazi Cristalli","article_modified_time":"2023-11-13T10:11:12+00:00","og_image":[{"url":"https:\/\/grazi.digital-comm.it\/wp-content\/uploads\/2023\/10\/Incollaggio.webp","type":"","width":"","height":""}],"twitter_card":"summary_large_image","twitter_misc":{"Est. reading time":"1 minute"},"schema":{"@context":"https:\/\/schema.org","@graph":[{"@type":"WebPage","@id":"https:\/\/grazicristalli.com\/en\/services\/pasting\/","url":"https:\/\/grazicristalli.com\/en\/services\/pasting\/","name":"PASTING - Grazi Cristalli","isPartOf":{"@id":"https:\/\/grazicristalli.com\/#website"},"primaryImageOfPage":{"@id":"https:\/\/grazicristalli.com\/en\/services\/pasting\/#primaryimage"},"image":{"@id":"https:\/\/grazicristalli.com\/en\/services\/pasting\/#primaryimage"},"thumbnailUrl":"https:\/\/grazi.digital-comm.it\/wp-content\/uploads\/2023\/10\/Incollaggio.webp","datePublished":"2023-10-13T09:57:42+00:00","dateModified":"2023-11-13T10:11:12+00:00","breadcrumb":{"@id":"https:\/\/grazicristalli.com\/en\/services\/pasting\/#breadcrumb"},"inLanguage":"en-US","potentialAction":[{"@type":"ReadAction","target":["https:\/\/grazicristalli.com\/en\/services\/pasting\/"]}]},{"@type":"ImageObject","inLanguage":"en-US","@id":"https:\/\/grazicristalli.com\/en\/services\/pasting\/#primaryimage","url":"https:\/\/grazi.digital-comm.it\/wp-content\/uploads\/2023\/10\/Incollaggio.webp","contentUrl":"https:\/\/grazi.digital-comm.it\/wp-content\/uploads\/2023\/10\/Incollaggio.webp"},{"@type":"BreadcrumbList","@id":"https:\/\/grazicristalli.com\/en\/services\/pasting\/#breadcrumb","itemListElement":[{"@type":"ListItem","position":1,"name":"Home","item":"https:\/\/grazicristalli.com\/en\/"},{"@type":"ListItem","position":2,"name":"Services","item":"https:\/\/grazicristalli.com\/en\/services\/"},{"@type":"ListItem","position":3,"name":"PASTING"}]},{"@type":"WebSite","@id":"https:\/\/grazicristalli.com\/#website","url":"https:\/\/grazicristalli.com\/","name":"Grazi Cristalli","description":"","publisher":{"@id":"https:\/\/grazicristalli.com\/#organization"},"potentialAction":[{"@type":"SearchAction","target":{"@type":"EntryPoint","urlTemplate":"https:\/\/grazicristalli.com\/?s={search_term_string}"},"query-input":{"@type":"PropertyValueSpecification","valueRequired":true,"valueName":"search_term_string"}}],"inLanguage":"en-US"},{"@type":"Organization","@id":"https:\/\/grazicristalli.com\/#organization","name":"Grazi Cristalli","url":"https:\/\/grazicristalli.com\/","logo":{"@type":"ImageObject","inLanguage":"en-US","@id":"https:\/\/grazicristalli.com\/#\/schema\/logo\/image\/","url":"https:\/\/grazicristalli.com\/wp-content\/uploads\/2023\/10\/cropped-favicon-01.webp","contentUrl":"https:\/\/grazicristalli.com\/wp-content\/uploads\/2023\/10\/cropped-favicon-01.webp","width":512,"height":512,"caption":"Grazi Cristalli"},"image":{"@id":"https:\/\/grazicristalli.com\/#\/schema\/logo\/image\/"}}]}},"_links":{"self":[{"href":"https:\/\/grazicristalli.com\/en\/wp-json\/wp\/v2\/pages\/4435","targetHints":{"allow":["GET"]}}],"collection":[{"href":"https:\/\/grazicristalli.com\/en\/wp-json\/wp\/v2\/pages"}],"about":[{"href":"https:\/\/grazicristalli.com\/en\/wp-json\/wp\/v2\/types\/page"}],"author":[{"embeddable":true,"href":"https:\/\/grazicristalli.com\/en\/wp-json\/wp\/v2\/users\/1"}],"replies":[{"embeddable":true,"href":"https:\/\/grazicristalli.com\/en\/wp-json\/wp\/v2\/comments?post=4435"}],"version-history":[{"count":1,"href":"https:\/\/grazicristalli.com\/en\/wp-json\/wp\/v2\/pages\/4435\/revisions"}],"predecessor-version":[{"id":4436,"href":"https:\/\/grazicristalli.com\/en\/wp-json\/wp\/v2\/pages\/4435\/revisions\/4436"}],"up":[{"embeddable":true,"href":"https:\/\/grazicristalli.com\/en\/wp-json\/wp\/v2\/pages\/4408"}],"wp:attachment":[{"href":"https:\/\/grazicristalli.com\/en\/wp-json\/wp\/v2\/media?parent=4435"}],"curies":[{"name":"wp","href":"https:\/\/api.w.org\/{rel}","templated":true}]}}