{"id":4416,"date":"2023-04-04T07:35:52","date_gmt":"2023-04-04T05:35:52","guid":{"rendered":"https:\/\/grazi.digital-comm.it\/services\/sandblasting\/"},"modified":"2023-11-13T11:11:01","modified_gmt":"2023-11-13T10:11:01","slug":"sandblasting","status":"publish","type":"page","link":"https:\/\/grazicristalli.com\/en\/services\/sandblasting\/","title":{"rendered":"SANDBLASTING"},"content":{"rendered":"\t\t<div data-elementor-type=\"wp-page\" data-elementor-id=\"4416\" class=\"elementor elementor-4416 elementor-576\" data-elementor-post-type=\"page\">\n\t\t\t\t\t\t<section class=\"elementor-section elementor-top-section elementor-element elementor-element-65e0fdb elementor-section-boxed elementor-section-height-default elementor-section-height-default\" data-id=\"65e0fdb\" data-element_type=\"section\" data-e-type=\"section\" data-settings=\"{&quot;wdt_bg_image&quot;:{&quot;url&quot;:&quot;&quot;,&quot;id&quot;:&quot;&quot;,&quot;size&quot;:&quot;&quot;},&quot;wdt_bg_image_widescreen&quot;:{&quot;url&quot;:&quot;&quot;,&quot;id&quot;:&quot;&quot;,&quot;size&quot;:&quot;&quot;},&quot;wdt_bg_image_laptop&quot;:{&quot;url&quot;:&quot;&quot;,&quot;id&quot;:&quot;&quot;,&quot;size&quot;:&quot;&quot;},&quot;wdt_bg_image_tablet_extra&quot;:{&quot;url&quot;:&quot;&quot;,&quot;id&quot;:&quot;&quot;,&quot;size&quot;:&quot;&quot;},&quot;wdt_bg_image_tablet&quot;:{&quot;url&quot;:&quot;&quot;,&quot;id&quot;:&quot;&quot;,&quot;size&quot;:&quot;&quot;},&quot;wdt_bg_image_mobile_extra&quot;:{&quot;url&quot;:&quot;&quot;,&quot;id&quot;:&quot;&quot;,&quot;size&quot;:&quot;&quot;},&quot;wdt_bg_image_mobile&quot;:{&quot;url&quot;:&quot;&quot;,&quot;id&quot;:&quot;&quot;,&quot;size&quot;:&quot;&quot;},&quot;wdt_bg_position&quot;:&quot;center center&quot;,&quot;wdt_animation_effect&quot;:&quot;none&quot;}\">\n\t\t\t\t\t\t<div class=\"elementor-container elementor-column-gap-no\">\n\t\t\t\t\t<div class=\"elementor-column elementor-col-100 elementor-top-column elementor-element elementor-element-ea42206\" data-id=\"ea42206\" data-element_type=\"column\" data-e-type=\"column\">\n\t\t\t<div class=\"elementor-widget-wrap elementor-element-populated\">\n\t\t\t\t\t\t<div class=\"elementor-element elementor-element-baddb69 elementor-widget elementor-widget-image\" data-id=\"baddb69\" data-element_type=\"widget\" data-e-type=\"widget\" data-settings=\"{&quot;wdt_animation_effect&quot;:&quot;none&quot;}\" data-widget_type=\"image.default\">\n\t\t\t\t<div class=\"elementor-widget-container\">\n\t\t\t\t\t\t\t\t\t\t\t\t\t\t\t<img fetchpriority=\"high\" decoding=\"async\" width=\"870\" height=\"480\" src=\"https:\/\/grazicristalli.com\/wp-content\/uploads\/2023\/10\/sabbiatura_lastra.webp\" class=\"attachment-full size-full wp-image-4071\" alt=\"\" srcset=\"https:\/\/grazicristalli.com\/wp-content\/uploads\/2023\/10\/sabbiatura_lastra.webp 870w, https:\/\/grazicristalli.com\/wp-content\/uploads\/2023\/10\/sabbiatura_lastra-300x166.webp 300w, https:\/\/grazicristalli.com\/wp-content\/uploads\/2023\/10\/sabbiatura_lastra-768x424.webp 768w\" sizes=\"(max-width: 870px) 100vw, 870px\" \/>\t\t\t\t\t\t\t\t\t\t\t\t\t\t\t<\/div>\n\t\t\t\t<\/div>\n\t\t\t\t<div class=\"elementor-element elementor-element-fbdacf5 start elementor-widget elementor-widget-wdt-heading\" data-id=\"fbdacf5\" data-element_type=\"widget\" data-e-type=\"widget\" data-settings=\"{&quot;wdt_animation_effect&quot;:&quot;none&quot;}\" data-widget_type=\"wdt-heading.default\">\n\t\t\t\t<div class=\"elementor-widget-container\">\n\t\t\t\t\t<div class=\"wdt-heading-holder \" id=\"wdt-heading-fbdacf5\"><h1 class=\"wdt-heading-title-wrapper wdt-heading-align-center wdt-heading-deco-wrapper\"><span class=\"wdt-heading-title\">Sabbiatura<\/span><\/h1><div class=\"wdt-heading-content-wrapper\">La sabbiatura rappresenta una formidabile tecnica di lavorazione del vetro, che conferisce all'elemento un effetto di opacit\u00e0 unico e affascinante. Da Grazi Cristalli Industrie, questo trattamento viene eseguito con la massima precisione grazie a un macchinario estremamente avanzato, in grado di produrre risultati assolutamente perfetti.\n<br><br>\nQuesto processo di sabbiatura offre una versatilit\u00e0 straordinaria. L'effetto di opacit\u00e0 pu\u00f2 essere applicato all'intera superficie del vetro, creando un aspetto etereo e sofisticato. Tuttavia, offre anche la possibilit\u00e0 di applicare l'effetto opacit\u00e0 solo su una parte specifica del vetro. Questa flessibilit\u00e0 consente di sperimentare con varie forme e stili, permettendo la creazione di decorazioni straordinarie e la riproduzione fedele di disegni personalizzati.\n<br><br>\nUn aspetto notevole di questo procedimento \u00e8 la sua applicabilit\u00e0 a qualsiasi colore del vetro. Che sia un vetro trasparente, colorato o addirittura specchiato, la sabbiatura pu\u00f2 essere applicata con risultati straordinari, offrendo infinite possibilit\u00e0 creative per i progetti di design.\n<br><br>\nIn Grazi Cristalli Industrie, la nostra esperienza e tecnologia ci consentono di sabbiare lastre di vetro di dimensioni impressionanti. Possiamo lavorare lastre fino a dimensioni di 6 x 3,21 metri, aprendo cos\u00ec la porta a progetti su larga scala e permettendo ai designer di realizzare le proprie visioni artistiche in grande formato.\n<br><br>\nCon la sabbiatura, trasformiamo il vetro in una tela su cui dipingere, creando un'atmosfera unica e incantevole. La nostra attenzione ai dettagli, unita alla creativit\u00e0 senza limiti, ci consente di offrire soluzioni di sabbiatura che non solo soddisfano, ma superano le aspettative dei nostri clienti.\n<br><br>\nScegliendo Grazi Cristalli Industrie, entri in un mondo di possibilit\u00e0 infinite, dove il vetro diventa una forma d'arte e ogni progetto \u00e8 un capolavoro unico. La nostra passione per l'innovazione e l'impegno per l'eccellenza si riflettono in ogni lavorazione di sabbiatura, garantendo un risultato finale che racconta una storia di creativit\u00e0, maestria artigianale e bellezza senza tempo.<br><br><\/div><\/div>\t\t\t\t<\/div>\n\t\t\t\t<\/div>\n\t\t\t\t<div class=\"elementor-element elementor-element-e8e7ff5 elementor-widget elementor-widget-image\" data-id=\"e8e7ff5\" data-element_type=\"widget\" data-e-type=\"widget\" data-settings=\"{&quot;wdt_animation_effect&quot;:&quot;none&quot;}\" data-widget_type=\"image.default\">\n\t\t\t\t<div class=\"elementor-widget-container\">\n\t\t\t\t\t\t\t\t\t\t\t\t\t\t\t<img decoding=\"async\" width=\"733\" height=\"550\" src=\"https:\/\/grazicristalli.com\/wp-content\/uploads\/2023\/10\/sabbiatura-vetrata_11zon.webp\" class=\"attachment-full size-full wp-image-4377\" alt=\"\" srcset=\"https:\/\/grazicristalli.com\/wp-content\/uploads\/2023\/10\/sabbiatura-vetrata_11zon.webp 733w, https:\/\/grazicristalli.com\/wp-content\/uploads\/2023\/10\/sabbiatura-vetrata_11zon-300x225.webp 300w\" sizes=\"(max-width: 733px) 100vw, 733px\" \/>\t\t\t\t\t\t\t\t\t\t\t\t\t\t\t<\/div>\n\t\t\t\t<\/div>\n\t\t\t\t\t<\/div>\n\t\t<\/div>\n\t\t\t\t\t<\/div>\n\t\t<\/section>\n\t\t\t\t<\/div>\n\t\t","protected":false},"excerpt":{"rendered":"<p>Sabbiatura La sabbiatura rappresenta una formidabile tecnica di lavorazione del vetro, che conferisce all&#8217;elemento un effetto di opacit\u00e0 unico e affascinante. Da Grazi Cristalli Industrie, questo trattamento viene eseguito con la massima precisione grazie a un macchinario estremamente avanzato, in grado di produrre risultati assolutamente perfetti. Questo processo di sabbiatura offre una versatilit\u00e0 straordinaria. L&#8217;effetto [&hellip;]<\/p>\n","protected":false},"author":1,"featured_media":0,"parent":4408,"menu_order":0,"comment_status":"closed","ping_status":"closed","template":"tpl-side-nav.php","meta":{"footnotes":""},"class_list":["post-4416","page","type-page","status-publish","hentry"],"yoast_head":"<!-- This site is optimized with the Yoast SEO plugin v27.6 - https:\/\/yoast.com\/product\/yoast-seo-wordpress\/ -->\n<title>SANDBLASTING - Grazi Cristalli<\/title>\n<meta name=\"robots\" content=\"index, follow, max-snippet:-1, max-image-preview:large, max-video-preview:-1\" \/>\n<link rel=\"canonical\" href=\"https:\/\/grazicristalli.com\/en\/services\/sandblasting\/\" \/>\n<meta property=\"og:locale\" content=\"en_US\" \/>\n<meta property=\"og:type\" content=\"article\" \/>\n<meta property=\"og:title\" content=\"SANDBLASTING - Grazi Cristalli\" \/>\n<meta property=\"og:description\" content=\"Sabbiatura La sabbiatura rappresenta una formidabile tecnica di lavorazione del vetro, che conferisce all&#8217;elemento un effetto di opacit\u00e0 unico e affascinante. Da Grazi Cristalli Industrie, questo trattamento viene eseguito con la massima precisione grazie a un macchinario estremamente avanzato, in grado di produrre risultati assolutamente perfetti. Questo processo di sabbiatura offre una versatilit\u00e0 straordinaria. L&#8217;effetto [&hellip;]\" \/>\n<meta property=\"og:url\" content=\"https:\/\/grazicristalli.com\/en\/services\/sandblasting\/\" \/>\n<meta property=\"og:site_name\" content=\"Grazi Cristalli\" \/>\n<meta property=\"article:modified_time\" content=\"2023-11-13T10:11:01+00:00\" \/>\n<meta property=\"og:image\" content=\"https:\/\/grazi.digital-comm.it\/wp-content\/uploads\/2023\/10\/sabbiatura_lastra.webp\" \/>\n<meta name=\"twitter:card\" content=\"summary_large_image\" \/>\n<meta name=\"twitter:label1\" content=\"Est. reading time\" \/>\n\t<meta name=\"twitter:data1\" content=\"2 minutes\" \/>\n<script type=\"application\/ld+json\" class=\"yoast-schema-graph\">{\"@context\":\"https:\\\/\\\/schema.org\",\"@graph\":[{\"@type\":\"WebPage\",\"@id\":\"https:\\\/\\\/grazicristalli.com\\\/en\\\/services\\\/sandblasting\\\/\",\"url\":\"https:\\\/\\\/grazicristalli.com\\\/en\\\/services\\\/sandblasting\\\/\",\"name\":\"SANDBLASTING - Grazi Cristalli\",\"isPartOf\":{\"@id\":\"https:\\\/\\\/grazicristalli.com\\\/#website\"},\"primaryImageOfPage\":{\"@id\":\"https:\\\/\\\/grazicristalli.com\\\/en\\\/services\\\/sandblasting\\\/#primaryimage\"},\"image\":{\"@id\":\"https:\\\/\\\/grazicristalli.com\\\/en\\\/services\\\/sandblasting\\\/#primaryimage\"},\"thumbnailUrl\":\"https:\\\/\\\/grazi.digital-comm.it\\\/wp-content\\\/uploads\\\/2023\\\/10\\\/sabbiatura_lastra.webp\",\"datePublished\":\"2023-04-04T05:35:52+00:00\",\"dateModified\":\"2023-11-13T10:11:01+00:00\",\"breadcrumb\":{\"@id\":\"https:\\\/\\\/grazicristalli.com\\\/en\\\/services\\\/sandblasting\\\/#breadcrumb\"},\"inLanguage\":\"en-US\",\"potentialAction\":[{\"@type\":\"ReadAction\",\"target\":[\"https:\\\/\\\/grazicristalli.com\\\/en\\\/services\\\/sandblasting\\\/\"]}]},{\"@type\":\"ImageObject\",\"inLanguage\":\"en-US\",\"@id\":\"https:\\\/\\\/grazicristalli.com\\\/en\\\/services\\\/sandblasting\\\/#primaryimage\",\"url\":\"https:\\\/\\\/grazi.digital-comm.it\\\/wp-content\\\/uploads\\\/2023\\\/10\\\/sabbiatura_lastra.webp\",\"contentUrl\":\"https:\\\/\\\/grazi.digital-comm.it\\\/wp-content\\\/uploads\\\/2023\\\/10\\\/sabbiatura_lastra.webp\"},{\"@type\":\"BreadcrumbList\",\"@id\":\"https:\\\/\\\/grazicristalli.com\\\/en\\\/services\\\/sandblasting\\\/#breadcrumb\",\"itemListElement\":[{\"@type\":\"ListItem\",\"position\":1,\"name\":\"Home\",\"item\":\"https:\\\/\\\/grazicristalli.com\\\/en\\\/\"},{\"@type\":\"ListItem\",\"position\":2,\"name\":\"Services\",\"item\":\"https:\\\/\\\/grazicristalli.com\\\/en\\\/services\\\/\"},{\"@type\":\"ListItem\",\"position\":3,\"name\":\"SANDBLASTING\"}]},{\"@type\":\"WebSite\",\"@id\":\"https:\\\/\\\/grazicristalli.com\\\/#website\",\"url\":\"https:\\\/\\\/grazicristalli.com\\\/\",\"name\":\"Grazi Cristalli\",\"description\":\"\",\"publisher\":{\"@id\":\"https:\\\/\\\/grazicristalli.com\\\/#organization\"},\"potentialAction\":[{\"@type\":\"SearchAction\",\"target\":{\"@type\":\"EntryPoint\",\"urlTemplate\":\"https:\\\/\\\/grazicristalli.com\\\/?s={search_term_string}\"},\"query-input\":{\"@type\":\"PropertyValueSpecification\",\"valueRequired\":true,\"valueName\":\"search_term_string\"}}],\"inLanguage\":\"en-US\"},{\"@type\":\"Organization\",\"@id\":\"https:\\\/\\\/grazicristalli.com\\\/#organization\",\"name\":\"Grazi Cristalli\",\"url\":\"https:\\\/\\\/grazicristalli.com\\\/\",\"logo\":{\"@type\":\"ImageObject\",\"inLanguage\":\"en-US\",\"@id\":\"https:\\\/\\\/grazicristalli.com\\\/#\\\/schema\\\/logo\\\/image\\\/\",\"url\":\"https:\\\/\\\/grazicristalli.com\\\/wp-content\\\/uploads\\\/2023\\\/10\\\/cropped-favicon-01.webp\",\"contentUrl\":\"https:\\\/\\\/grazicristalli.com\\\/wp-content\\\/uploads\\\/2023\\\/10\\\/cropped-favicon-01.webp\",\"width\":512,\"height\":512,\"caption\":\"Grazi Cristalli\"},\"image\":{\"@id\":\"https:\\\/\\\/grazicristalli.com\\\/#\\\/schema\\\/logo\\\/image\\\/\"}}]}<\/script>\n<!-- \/ Yoast SEO plugin. -->","yoast_head_json":{"title":"SANDBLASTING - Grazi Cristalli","robots":{"index":"index","follow":"follow","max-snippet":"max-snippet:-1","max-image-preview":"max-image-preview:large","max-video-preview":"max-video-preview:-1"},"canonical":"https:\/\/grazicristalli.com\/en\/services\/sandblasting\/","og_locale":"en_US","og_type":"article","og_title":"SANDBLASTING - Grazi Cristalli","og_description":"Sabbiatura La sabbiatura rappresenta una formidabile tecnica di lavorazione del vetro, che conferisce all&#8217;elemento un effetto di opacit\u00e0 unico e affascinante. Da Grazi Cristalli Industrie, questo trattamento viene eseguito con la massima precisione grazie a un macchinario estremamente avanzato, in grado di produrre risultati assolutamente perfetti. Questo processo di sabbiatura offre una versatilit\u00e0 straordinaria. L&#8217;effetto [&hellip;]","og_url":"https:\/\/grazicristalli.com\/en\/services\/sandblasting\/","og_site_name":"Grazi Cristalli","article_modified_time":"2023-11-13T10:11:01+00:00","og_image":[{"url":"https:\/\/grazi.digital-comm.it\/wp-content\/uploads\/2023\/10\/sabbiatura_lastra.webp","type":"","width":"","height":""}],"twitter_card":"summary_large_image","twitter_misc":{"Est. reading time":"2 minutes"},"schema":{"@context":"https:\/\/schema.org","@graph":[{"@type":"WebPage","@id":"https:\/\/grazicristalli.com\/en\/services\/sandblasting\/","url":"https:\/\/grazicristalli.com\/en\/services\/sandblasting\/","name":"SANDBLASTING - Grazi Cristalli","isPartOf":{"@id":"https:\/\/grazicristalli.com\/#website"},"primaryImageOfPage":{"@id":"https:\/\/grazicristalli.com\/en\/services\/sandblasting\/#primaryimage"},"image":{"@id":"https:\/\/grazicristalli.com\/en\/services\/sandblasting\/#primaryimage"},"thumbnailUrl":"https:\/\/grazi.digital-comm.it\/wp-content\/uploads\/2023\/10\/sabbiatura_lastra.webp","datePublished":"2023-04-04T05:35:52+00:00","dateModified":"2023-11-13T10:11:01+00:00","breadcrumb":{"@id":"https:\/\/grazicristalli.com\/en\/services\/sandblasting\/#breadcrumb"},"inLanguage":"en-US","potentialAction":[{"@type":"ReadAction","target":["https:\/\/grazicristalli.com\/en\/services\/sandblasting\/"]}]},{"@type":"ImageObject","inLanguage":"en-US","@id":"https:\/\/grazicristalli.com\/en\/services\/sandblasting\/#primaryimage","url":"https:\/\/grazi.digital-comm.it\/wp-content\/uploads\/2023\/10\/sabbiatura_lastra.webp","contentUrl":"https:\/\/grazi.digital-comm.it\/wp-content\/uploads\/2023\/10\/sabbiatura_lastra.webp"},{"@type":"BreadcrumbList","@id":"https:\/\/grazicristalli.com\/en\/services\/sandblasting\/#breadcrumb","itemListElement":[{"@type":"ListItem","position":1,"name":"Home","item":"https:\/\/grazicristalli.com\/en\/"},{"@type":"ListItem","position":2,"name":"Services","item":"https:\/\/grazicristalli.com\/en\/services\/"},{"@type":"ListItem","position":3,"name":"SANDBLASTING"}]},{"@type":"WebSite","@id":"https:\/\/grazicristalli.com\/#website","url":"https:\/\/grazicristalli.com\/","name":"Grazi Cristalli","description":"","publisher":{"@id":"https:\/\/grazicristalli.com\/#organization"},"potentialAction":[{"@type":"SearchAction","target":{"@type":"EntryPoint","urlTemplate":"https:\/\/grazicristalli.com\/?s={search_term_string}"},"query-input":{"@type":"PropertyValueSpecification","valueRequired":true,"valueName":"search_term_string"}}],"inLanguage":"en-US"},{"@type":"Organization","@id":"https:\/\/grazicristalli.com\/#organization","name":"Grazi Cristalli","url":"https:\/\/grazicristalli.com\/","logo":{"@type":"ImageObject","inLanguage":"en-US","@id":"https:\/\/grazicristalli.com\/#\/schema\/logo\/image\/","url":"https:\/\/grazicristalli.com\/wp-content\/uploads\/2023\/10\/cropped-favicon-01.webp","contentUrl":"https:\/\/grazicristalli.com\/wp-content\/uploads\/2023\/10\/cropped-favicon-01.webp","width":512,"height":512,"caption":"Grazi Cristalli"},"image":{"@id":"https:\/\/grazicristalli.com\/#\/schema\/logo\/image\/"}}]}},"_links":{"self":[{"href":"https:\/\/grazicristalli.com\/en\/wp-json\/wp\/v2\/pages\/4416","targetHints":{"allow":["GET"]}}],"collection":[{"href":"https:\/\/grazicristalli.com\/en\/wp-json\/wp\/v2\/pages"}],"about":[{"href":"https:\/\/grazicristalli.com\/en\/wp-json\/wp\/v2\/types\/page"}],"author":[{"embeddable":true,"href":"https:\/\/grazicristalli.com\/en\/wp-json\/wp\/v2\/users\/1"}],"replies":[{"embeddable":true,"href":"https:\/\/grazicristalli.com\/en\/wp-json\/wp\/v2\/comments?post=4416"}],"version-history":[{"count":1,"href":"https:\/\/grazicristalli.com\/en\/wp-json\/wp\/v2\/pages\/4416\/revisions"}],"predecessor-version":[{"id":4418,"href":"https:\/\/grazicristalli.com\/en\/wp-json\/wp\/v2\/pages\/4416\/revisions\/4418"}],"up":[{"embeddable":true,"href":"https:\/\/grazicristalli.com\/en\/wp-json\/wp\/v2\/pages\/4408"}],"wp:attachment":[{"href":"https:\/\/grazicristalli.com\/en\/wp-json\/wp\/v2\/media?parent=4416"}],"curies":[{"name":"wp","href":"https:\/\/api.w.org\/{rel}","templated":true}]}}